{"id":14328,"date":"2021-02-10T11:13:43","date_gmt":"2021-02-10T10:13:43","guid":{"rendered":"https:\/\/gradri.uniri.hr\/?page_id=14328"},"modified":"2025-05-05T10:15:01","modified_gmt":"2025-05-05T09:15:01","slug":"department-for-hydrotechnics-and-geotechnics","status":"publish","type":"page","link":"https:\/\/gradri.uniri.hr\/en\/faculty\/organisation\/departments\/department-for-hydrotechnics-and-geotechnics\/","title":{"rendered":"Department of Water and Geotechnical Engineering"},"content":{"rendered":"\n<p><strong>Professor Nevenka O\u017eani\u0107<\/strong>, Head of the Department of Water and Geotechnical Engineering<\/p>\n\n\n\n<p>Department of Water and Geotechnical Engineering has two chairs and two laboratories.<\/p>\n\n\n<div class=\"wp-block-ub-content-toggle wp-block-ub-content-toggle-block\" id=\"ub-content-toggle-block-8c208ed3-37b9-4da5-a561-b2755122855b\" data-mobilecollapse=\"false\" data-desktopcollapse=\"true\" data-preventcollapse=\"false\" data-showonlyone=\"false\">\n<div class=\"wp-block-ub-content-toggle-accordion\" style=\"border-color: #f1f1f1;\" id=\"ub-content-toggle-panel-block-fd3f5a88-93c3-4d7b-a4c5-57f9a3c509ab\">\n\t\t\t<div class=\"wp-block-ub-content-toggle-accordion-title-wrap\" style=\"background-color: #f1f1f1;\" aria-controls=\"ub-content-toggle-panel-0-8c208ed3-37b9-4da5-a561-b2755122855b\" tabindex=\"0\">\n\t\t\t<p class=\"wp-block-ub-content-toggle-accordion-title ub-content-toggle-title-8c208ed3-37b9-4da5-a561-b2755122855b\" style=\"color: #000000; \">Chair for Hydrotechnics<\/p>\n\t\t\t<div class=\"wp-block-ub-content-toggle-accordion-toggle-wrap right\" style=\"color: #000000;\"><span class=\"wp-block-ub-content-toggle-accordion-state-indicator wp-block-ub-chevron-down\"><\/span><\/div>\n\t\t<\/div>\n\t\t\t<div role=\"region\" aria-expanded=\"false\" class=\"wp-block-ub-content-toggle-accordion-content-wrap ub-hide\" id=\"ub-content-toggle-panel-0-8c208ed3-37b9-4da5-a561-b2755122855b\">\n\n<p><strong>Professor Barbara Karleu\u0161a<\/strong>, Head of the Chair for Water Engineering<\/p>\n\n\n\n<h4 class=\"wp-block-heading\">Employees:<\/h4>\n\n\n\n<ul class=\"wp-block-list\">\n<li>Professor Nevenka O\u017eani\u0107, PhD<\/li>\n\n\n\n<li>Professor Barbara Karleu\u0161a, PhD<\/li>\n\n\n\n<li>Professor Vanja Trava\u0161, PhD<\/li>\n\n\n\n<li>Professor Igor Ru\u017ei\u0107 , PhD<\/li>\n\n\n\n<li>Associate Professor Goran Volf, PhD\u00a0<\/li>\n\n\n\n<li>Associate Professor Nino Krvavica, PhD\u00a0<\/li>\n\n\n\n<li>Associate Professor Bojana Horvat, PhD\u00a0<\/li>\n\n\n\n<li>Associate Professor Ivana Su\u0161anj \u010cule, PhD<\/li>\n\n\n\n<li>Assistant Professor Elvis \u017dic, PhD<\/li>\n\n\n\n<li>Marta Marija Gr\u017ei\u0107, Assistant<\/li>\n\n\n\n<li>Ivona Petkovi\u0107, Assistant<\/li>\n<\/ul>\n\n<\/div>\n\t\t<\/div>\n\n<div class=\"wp-block-ub-content-toggle-accordion\" style=\"border-color: #f1f1f1;\" id=\"ub-content-toggle-panel-block-dca5f267-539f-4eaa-afad-cd775b47642f\">\n\t\t\t<div class=\"wp-block-ub-content-toggle-accordion-title-wrap\" style=\"background-color: #f1f1f1;\" aria-controls=\"ub-content-toggle-panel-1-8c208ed3-37b9-4da5-a561-b2755122855b\" tabindex=\"0\">\n\t\t\t<p class=\"wp-block-ub-content-toggle-accordion-title ub-content-toggle-title-8c208ed3-37b9-4da5-a561-b2755122855b\" style=\"color: #000000; \">Chair  for Geotechnics<\/p>\n\t\t\t<div class=\"wp-block-ub-content-toggle-accordion-toggle-wrap right\" style=\"color: #000000;\"><span class=\"wp-block-ub-content-toggle-accordion-state-indicator wp-block-ub-chevron-down\"><\/span><\/div>\n\t\t<\/div>\n\t\t\t<div role=\"region\" aria-expanded=\"false\" class=\"wp-block-ub-content-toggle-accordion-content-wrap ub-hide\" id=\"ub-content-toggle-panel-1-8c208ed3-37b9-4da5-a561-b2755122855b\">\n\n<p><strong>Associate Professor Sanja Dugonji\u0107 Jovan\u010devi\u0107<\/strong>, Head of the Chair for Geotechnics<\/p>\n\n\n\n<h4 class=\"wp-block-heading\">Employees:<\/h4>\n\n\n\n<ul class=\"wp-block-list\">\n<li>Associate Professor Leo Mate\u0161i\u0107, PhD\u00a0<\/li>\n\n\n\n<li>Associate Professor Sanja Dugonji\u0107 Jovan\u010devi\u0107, PhD<\/li>\n\n\n\n<li>Associate Professor Vedran Jagodnik, PhD<\/li>\n\n\n\n<li>Associate Professor Martina Vivoda Prodan, PhD<\/li>\n\n\n\n<li>Assistant Professor Petra Jagodnik, PhD<\/li>\n\n\n\n<li>Assistant Professor Josip Perani\u0107, PhD\u00a0<\/li>\n\n\n\n<li>Davor Maru\u0161i\u0107, Assistant\u00a0\u00a0\u00a0\u00a0\u00a0\u00a0\u00a0\u00a0\u00a0\u00a0\u00a0\u00a0\u00a0\u00a0\u00a0\u00a0\u00a0\u00a0\u00a0\u00a0\u00a0\u00a0\u00a0\u00a0\u00a0\u00a0<\/li>\n<\/ul>\n\n\n\n<h4 class=\"wp-block-heading\">Emeritus professors<\/h4>\n\n\n\n<ul class=\"wp-block-list\">\n<li>\u010cedomir Benac, Emeritus professor<\/li>\n\n\n\n<li>Ivan Vrkljan, Emeritus professor<\/li>\n<\/ul>\n\n\n\n<h4 class=\"wp-block-heading\">External associates:<\/h4>\n\n\n\n<ul class=\"wp-block-list\">\n<li>Mirko Gro\u0161i\u0107, PhD, Lecturer<\/li>\n<\/ul>\n\n<\/div>\n\t\t<\/div>\n\n<div class=\"wp-block-ub-content-toggle-accordion\" style=\"border-color: #f1f1f1;\" id=\"ub-content-toggle-panel-block-7b770e26-77e0-424e-a282-a07bcd2b6a7b\">\n\t\t\t<div class=\"wp-block-ub-content-toggle-accordion-title-wrap\" style=\"background-color: #f1f1f1;\" aria-controls=\"ub-content-toggle-panel-2-8c208ed3-37b9-4da5-a561-b2755122855b\" tabindex=\"0\">\n\t\t\t<p class=\"wp-block-ub-content-toggle-accordion-title ub-content-toggle-title-8c208ed3-37b9-4da5-a561-b2755122855b\" style=\"color: #000000; \">Hydraulic Laboratory<\/p>\n\t\t\t<div class=\"wp-block-ub-content-toggle-accordion-toggle-wrap right\" style=\"color: #000000;\"><span class=\"wp-block-ub-content-toggle-accordion-state-indicator wp-block-ub-chevron-down\"><\/span><\/div>\n\t\t<\/div>\n\t\t\t<div role=\"region\" aria-expanded=\"false\" class=\"wp-block-ub-content-toggle-accordion-content-wrap ub-hide\" id=\"ub-content-toggle-panel-2-8c208ed3-37b9-4da5-a561-b2755122855b\">\n\n<p><strong>Igor Ru\u017ei\u0107<\/strong>, Head of the Hydraulic Laboratory<\/p>\n\n\n\n<h4 class=\"wp-block-heading\">Employees:<\/h4>\n\n\n\n<ul class=\"wp-block-list\">\n<li>Duje Kalaj\u017ei\u0107, Technician<\/li>\n<\/ul>\n\n<\/div>\n\t\t<\/div>\n\n<div class=\"wp-block-ub-content-toggle-accordion\" style=\"border-color: #f1f1f1;\" id=\"ub-content-toggle-panel-block-dc8b0378-e549-4677-a001-e6ff11575506\">\n\t\t\t<div class=\"wp-block-ub-content-toggle-accordion-title-wrap\" style=\"background-color: #f1f1f1;\" aria-controls=\"ub-content-toggle-panel-3-8c208ed3-37b9-4da5-a561-b2755122855b\" tabindex=\"0\">\n\t\t\t<p class=\"wp-block-ub-content-toggle-accordion-title ub-content-toggle-title-8c208ed3-37b9-4da5-a561-b2755122855b\" style=\"color: #000000; \">Geotechnical Laboratory<\/p>\n\t\t\t<div class=\"wp-block-ub-content-toggle-accordion-toggle-wrap right\" style=\"color: #000000;\"><span class=\"wp-block-ub-content-toggle-accordion-state-indicator wp-block-ub-chevron-down\"><\/span><\/div>\n\t\t<\/div>\n\t\t\t<div role=\"region\" aria-expanded=\"false\" class=\"wp-block-ub-content-toggle-accordion-content-wrap ub-hide\" id=\"ub-content-toggle-panel-3-8c208ed3-37b9-4da5-a561-b2755122855b\">\n\n<p><strong>Vedran Jagodnik<\/strong>, Head of the Hydrotechnical Laboratory<\/p>\n\n\n\n<h4 class=\"wp-block-heading\">Employees:<\/h4>\n\n\n\n<ul class=\"wp-block-list\">\n<li>Juraj Stella, Technician<\/li>\n<\/ul>\n\n<\/div>\n\t\t<\/div>\n<\/div>","protected":false},"excerpt":{"rendered":"<p>Professor Nevenka O\u017eani\u0107, Head of the Department of Water and Geotechnical Engineering Department of Water and Geotechnical Engineering has two chairs and two laboratories.<\/p>\n","protected":false},"author":4,"featured_media":0,"parent":14326,"menu_order":1,"comment_status":"closed","ping_status":"closed","template":"","meta":{"_acf_changed":false,"ub_ctt_via":"","footnotes":""},"class_list":["post-14328","page","type-page","status-publish","hentry"],"acf":[],"featured_image_src":null,"_links":{"self":[{"href":"https:\/\/gradri.uniri.hr\/en\/wp-json\/wp\/v2\/pages\/14328","targetHints":{"allow":["GET"]}}],"collection":[{"href":"https:\/\/gradri.uniri.hr\/en\/wp-json\/wp\/v2\/pages"}],"about":[{"href":"https:\/\/gradri.uniri.hr\/en\/wp-json\/wp\/v2\/types\/page"}],"author":[{"embeddable":true,"href":"https:\/\/gradri.uniri.hr\/en\/wp-json\/wp\/v2\/users\/4"}],"replies":[{"embeddable":true,"href":"https:\/\/gradri.uniri.hr\/en\/wp-json\/wp\/v2\/comments?post=14328"}],"version-history":[{"count":9,"href":"https:\/\/gradri.uniri.hr\/en\/wp-json\/wp\/v2\/pages\/14328\/revisions"}],"predecessor-version":[{"id":22251,"href":"https:\/\/gradri.uniri.hr\/en\/wp-json\/wp\/v2\/pages\/14328\/revisions\/22251"}],"up":[{"embeddable":true,"href":"https:\/\/gradri.uniri.hr\/en\/wp-json\/wp\/v2\/pages\/14326"}],"wp:attachment":[{"href":"https:\/\/gradri.uniri.hr\/en\/wp-json\/wp\/v2\/media?parent=14328"}],"curies":[{"name":"wp","href":"https:\/\/api.w.org\/{rel}","templated":true}]}}