{"id":14330,"date":"2021-02-10T11:14:05","date_gmt":"2021-02-10T10:14:05","guid":{"rendered":"https:\/\/gradri.uniri.hr\/?page_id=14330"},"modified":"2025-05-05T10:08:55","modified_gmt":"2025-05-05T09:08:55","slug":"department-for-mathematics-physics-and-other-disciplines","status":"publish","type":"page","link":"https:\/\/gradri.uniri.hr\/en\/faculty\/organisation\/departments\/department-for-mathematics-physics-and-other-disciplines\/","title":{"rendered":"Department of Mathematics and Other Disciplines"},"content":{"rendered":"\n<p><strong>Associate Professor Anamarija Peru\u0161i\u0107 Pribani\u0107<\/strong>, Head of the Department of Mathematics and<br>Other Disciplines<\/p>\n\n\n\n<h4 class=\"wp-block-heading\">Employees:<\/h4>\n\n\n\n<ul class=\"wp-block-list\">\n<li>Professor Boris Podobnik, PhD<\/li>\n\n\n\n<li>Associate Professor Anamarija Peru\u0161i\u0107 Pribani\u0107, PhD<\/li>\n\n\n\n<li>Assistant Professor Rozarija Miki\u0107, PhD<\/li>\n\n\n\n<li>Assistant Professor Franjo \u0160ar\u010devi\u0107, PhD<\/li>\n\n\n\n<li>Sa\u0161a \u010cohar Man\u010di\u0107, Senior lecturer<\/li>\n\n\n\n<li>Maura Juri\u0107, Senior Lecturer<\/li>\n<\/ul>\n\n\n\n<h4 class=\"wp-block-heading\">External associates:<\/h4>\n\n\n\n<ul class=\"wp-block-list\">\n<li>Associate Professor Iva \u0160ari\u0107 Jankovi\u0107, PhD<\/li>\n\n\n\n<li>Assistant Professor Marija Maksimovi\u0107, PhD<\/li>\n\n\n\n<li>Ines Rado\u0161evi\u0107, Mrs, Senior Lecturer<\/li>\n\n\n\n<li>Denis Lopac, Lecturer<\/li>\n\n\n\n<li>Tin Zrinski, Assistant<\/li>\n\n\n\n<li>Ana \u0160umberac, mag. math.<\/li>\n\n\n\n<li>Sara Ban, mag. math.<\/li>\n<\/ul>\n","protected":false},"excerpt":{"rendered":"<p>Associate Professor Anamarija Peru\u0161i\u0107 Pribani\u0107, Head of the Department of Mathematics andOther Disciplines Employees: External associates:<\/p>\n","protected":false},"author":4,"featured_media":0,"parent":14326,"menu_order":2,"comment_status":"closed","ping_status":"closed","template":"","meta":{"_acf_changed":false,"ub_ctt_via":"","footnotes":""},"class_list":["post-14330","page","type-page","status-publish","hentry"],"acf":[],"featured_image_src":null,"_links":{"self":[{"href":"https:\/\/gradri.uniri.hr\/en\/wp-json\/wp\/v2\/pages\/14330","targetHints":{"allow":["GET"]}}],"collection":[{"href":"https:\/\/gradri.uniri.hr\/en\/wp-json\/wp\/v2\/pages"}],"about":[{"href":"https:\/\/gradri.uniri.hr\/en\/wp-json\/wp\/v2\/types\/page"}],"author":[{"embeddable":true,"href":"https:\/\/gradri.uniri.hr\/en\/wp-json\/wp\/v2\/users\/4"}],"replies":[{"embeddable":true,"href":"https:\/\/gradri.uniri.hr\/en\/wp-json\/wp\/v2\/comments?post=14330"}],"version-history":[{"count":5,"href":"https:\/\/gradri.uniri.hr\/en\/wp-json\/wp\/v2\/pages\/14330\/revisions"}],"predecessor-version":[{"id":22245,"href":"https:\/\/gradri.uniri.hr\/en\/wp-json\/wp\/v2\/pages\/14330\/revisions\/22245"}],"up":[{"embeddable":true,"href":"https:\/\/gradri.uniri.hr\/en\/wp-json\/wp\/v2\/pages\/14326"}],"wp:attachment":[{"href":"https:\/\/gradri.uniri.hr\/en\/wp-json\/wp\/v2\/media?parent=14330"}],"curies":[{"name":"wp","href":"https:\/\/api.w.org\/{rel}","templated":true}]}}