{"id":14334,"date":"2021-02-10T11:14:01","date_gmt":"2021-02-10T10:14:01","guid":{"rendered":"https:\/\/gradri.uniri.hr\/?page_id=14334"},"modified":"2025-05-22T13:40:15","modified_gmt":"2025-05-22T12:40:15","slug":"department-for-transportation-engineering-construction-management-and-technology-and-architecture","status":"publish","type":"page","link":"https:\/\/gradri.uniri.hr\/en\/faculty\/organisation\/departments\/department-for-transportation-engineering-construction-management-and-technology-and-architecture\/","title":{"rendered":"Department of Transportation Engineering, Construction Management and Technology and Architecture"},"content":{"rendered":"\n<p><strong>Professor Ivan Marovi\u0107<\/strong>, Head of the Department of Transportation Engineering, Construction Management and Technology and Architecture&nbsp;<\/p>\n\n\n\n<p>Department of Transportation Engineering, Construction Management and Technology and Architecture has three chairs and one laboratory.<\/p>\n\n\n<div class=\"wp-block-ub-content-toggle wp-block-ub-content-toggle-block\" id=\"ub-content-toggle-block-5aafa5d9-0327-4e49-92af-658e91ffa49b\" data-mobilecollapse=\"false\" data-desktopcollapse=\"true\" data-preventcollapse=\"false\" data-showonlyone=\"false\">\n<div class=\"wp-block-ub-content-toggle-accordion\" style=\"border-color: #f1f1f1;\" id=\"ub-content-toggle-panel-block-\">\n\t\t\t<div class=\"wp-block-ub-content-toggle-accordion-title-wrap\" style=\"background-color: #f1f1f1;\" aria-controls=\"ub-content-toggle-panel-0-5aafa5d9-0327-4e49-92af-658e91ffa49b\" tabindex=\"0\">\n\t\t\t<p class=\"wp-block-ub-content-toggle-accordion-title ub-content-toggle-title-5aafa5d9-0327-4e49-92af-658e91ffa49b\" style=\"color: #000000; \">Chair for Transportation Engineering<\/p>\n\t\t\t<div class=\"wp-block-ub-content-toggle-accordion-toggle-wrap right\" style=\"color: #000000;\"><span class=\"wp-block-ub-content-toggle-accordion-state-indicator wp-block-ub-chevron-down\"><\/span><\/div>\n\t\t<\/div>\n\t\t\t<div role=\"region\" aria-expanded=\"false\" class=\"wp-block-ub-content-toggle-accordion-content-wrap ub-hide\" id=\"ub-content-toggle-panel-0-5aafa5d9-0327-4e49-92af-658e91ffa49b\">\n\n<p><strong>Professor Aleksandra Deluka-Tiblja\u0161<\/strong>, Head of the Chair for Transportation Engineering<\/p>\n\n\n\n<h4 class=\"wp-block-heading\">Employees:<\/h4>\n\n\n\n<ul class=\"wp-block-list\">\n<li>professor Aleksandra Deluka-Tiblja\u0161, PhD<\/li>\n\n\n\n<li>associate professor Sanja \u0160urdonja, PhD<\/li>\n\n\n\n<li>assistant\u00a0professor Marijana Cuculi\u0107, PhD<\/li>\n\n\n\n<li>Ivana Ban, PhD, postdoctoral researcher<\/li>\n\n\n\n<li>Mirna Klobu\u010dar, assistant\u00a0\u00a0<\/li>\n<\/ul>\n\n\n\n<h4 class=\"wp-block-heading\">Emeritus professors<\/h4>\n\n\n\n<ul class=\"wp-block-list\">\n<li>Mate Sr\u0161en, Emeritus professor<\/li>\n<\/ul>\n\n\n\n<h4 class=\"wp-block-heading\">External associates:<\/h4>\n\n\n\n<ul class=\"wp-block-list\">\n<li>Adam Butigan, lecturer<\/li>\n\n\n\n<li>Andrej Marinovi\u0107, lecturer<\/li>\n\n\n\n<li>Zvezdana Ver\u0161i\u0107-\u017duni\u0107, assistant<\/li>\n<\/ul>\n\n<\/div>\n\t\t<\/div>\n\n<div class=\"wp-block-ub-content-toggle-accordion\" style=\"border-color: #f1f1f1;\" id=\"ub-content-toggle-panel-block-\">\n\t\t\t<div class=\"wp-block-ub-content-toggle-accordion-title-wrap\" style=\"background-color: #f1f1f1;\" aria-controls=\"ub-content-toggle-panel-1-5aafa5d9-0327-4e49-92af-658e91ffa49b\" tabindex=\"0\">\n\t\t\t<p class=\"wp-block-ub-content-toggle-accordion-title ub-content-toggle-title-5aafa5d9-0327-4e49-92af-658e91ffa49b\" style=\"color: #000000; \">Chair for Construction Management and Technology<\/p>\n\t\t\t<div class=\"wp-block-ub-content-toggle-accordion-toggle-wrap right\" style=\"color: #000000;\"><span class=\"wp-block-ub-content-toggle-accordion-state-indicator wp-block-ub-chevron-down\"><\/span><\/div>\n\t\t<\/div>\n\t\t\t<div role=\"region\" aria-expanded=\"false\" class=\"wp-block-ub-content-toggle-accordion-content-wrap ub-hide\" id=\"ub-content-toggle-panel-1-5aafa5d9-0327-4e49-92af-658e91ffa49b\">\n\n<p><strong>Professor Ivan Marovi\u0107<\/strong>, Head of the Chair for Construction Management and Technology<\/p>\n\n\n\n<h4 class=\"wp-block-heading\">Employees:<\/h4>\n\n\n\n<ul class=\"wp-block-list\">\n<li>professor Ivan Marovi\u0107, PhD<\/li>\n\n\n\n<li>assistant professor Ksenija Tijani\u0107 \u0160trok, PhD<\/li>\n\n\n\n<li>Martina \u0160opi\u0107, PhD, postdoctoral researcher<\/li>\n<\/ul>\n\n\n\n<h4 class=\"wp-block-heading\">External associates:<\/h4>\n\n\n\n<ul class=\"wp-block-list\">\n<li>Rosanda Iveti\u0107 Salopek, lecturer<\/li>\n<\/ul>\n\n<\/div>\n\t\t<\/div>\n\n<div class=\"wp-block-ub-content-toggle-accordion\" style=\"border-color: #f1f1f1;\" id=\"ub-content-toggle-panel-block-\">\n\t\t\t<div class=\"wp-block-ub-content-toggle-accordion-title-wrap\" style=\"background-color: #f1f1f1;\" aria-controls=\"ub-content-toggle-panel-2-5aafa5d9-0327-4e49-92af-658e91ffa49b\" tabindex=\"0\">\n\t\t\t<p class=\"wp-block-ub-content-toggle-accordion-title ub-content-toggle-title-5aafa5d9-0327-4e49-92af-658e91ffa49b\" style=\"color: #000000; \">Chair for Architecture and Urban Planning<\/p>\n\t\t\t<div class=\"wp-block-ub-content-toggle-accordion-toggle-wrap right\" style=\"color: #000000;\"><span class=\"wp-block-ub-content-toggle-accordion-state-indicator wp-block-ub-chevron-down\"><\/span><\/div>\n\t\t<\/div>\n\t\t\t<div role=\"region\" aria-expanded=\"false\" class=\"wp-block-ub-content-toggle-accordion-content-wrap ub-hide\" id=\"ub-content-toggle-panel-2-5aafa5d9-0327-4e49-92af-658e91ffa49b\">\n\n<p><strong>Associate professor Iva Mrak<\/strong>, Head of the Chair for Architecture and Urban Planning<\/p>\n\n\n\n<h4 class=\"wp-block-heading\">Employees:<\/h4>\n\n\n\n<ul class=\"wp-block-list\">\n<li>associate professor Iva Mrak, PhD<\/li>\n\n\n\n<li>assistant professor Denis Ambru\u0161, PhD<\/li>\n\n\n\n<li>Jasna Galfi Stella, assistant<\/li>\n\n\n\n<li>Bojan Bili\u0107, Senior Lecturer<\/li>\n<\/ul>\n\n\n\n<h4 class=\"wp-block-heading\">External associates:<\/h4>\n\n\n\n<ul class=\"wp-block-list\">\n<li>professor Koraljka Vahtar-Jurkovi\u0107, PhD<\/li>\n\n\n\n<li>Igor Gol\u010di\u0107, assistant<\/li>\n\n\n\n<li>Marko Frankovi\u0107, dipl. ing. arh.<\/li>\n<\/ul>\n\n<\/div>\n\t\t<\/div>\n\n<div class=\"wp-block-ub-content-toggle-accordion\" style=\"border-color: #f1f1f1;\" id=\"ub-content-toggle-panel-block-\">\n\t\t\t<div class=\"wp-block-ub-content-toggle-accordion-title-wrap\" style=\"background-color: #f1f1f1;\" aria-controls=\"ub-content-toggle-panel-3-5aafa5d9-0327-4e49-92af-658e91ffa49b\" tabindex=\"0\">\n\t\t\t<p class=\"wp-block-ub-content-toggle-accordion-title ub-content-toggle-title-5aafa5d9-0327-4e49-92af-658e91ffa49b\" style=\"color: #000000; \">Laboratory for Transportation Engineering<\/p>\n\t\t\t<div class=\"wp-block-ub-content-toggle-accordion-toggle-wrap right\" style=\"color: #000000;\"><span class=\"wp-block-ub-content-toggle-accordion-state-indicator wp-block-ub-chevron-down\"><\/span><\/div>\n\t\t<\/div>\n\t\t\t<div role=\"region\" aria-expanded=\"false\" class=\"wp-block-ub-content-toggle-accordion-content-wrap ub-hide\" id=\"ub-content-toggle-panel-3-5aafa5d9-0327-4e49-92af-658e91ffa49b\">\n\n<p><strong>Marijana Cuculi\u0107<\/strong>, Head of the Laboratory for Transportation Engineering<\/p>\n\n\n\n<h4 class=\"wp-block-heading\">Employees:<\/h4>\n\n\n\n<ul class=\"wp-block-list\">\n<li>Emanuel Ban, technician<\/li>\n<\/ul>\n\n<\/div>\n\t\t<\/div>\n<\/div>","protected":false},"excerpt":{"rendered":"<p>Professor Ivan Marovi\u0107, Head of the Department of Transportation Engineering, Construction Management and Technology and Architecture&nbsp; Department of Transportation Engineering, Construction Management and Technology and Architecture has three chairs and one laboratory.<\/p>\n","protected":false},"author":4,"featured_media":0,"parent":14326,"menu_order":4,"comment_status":"closed","ping_status":"closed","template":"","meta":{"_acf_changed":false,"ub_ctt_via":"","footnotes":""},"class_list":["post-14334","page","type-page","status-publish","hentry"],"acf":[],"featured_image_src":null,"_links":{"self":[{"href":"https:\/\/gradri.uniri.hr\/en\/wp-json\/wp\/v2\/pages\/14334","targetHints":{"allow":["GET"]}}],"collection":[{"href":"https:\/\/gradri.uniri.hr\/en\/wp-json\/wp\/v2\/pages"}],"about":[{"href":"https:\/\/gradri.uniri.hr\/en\/wp-json\/wp\/v2\/types\/page"}],"author":[{"embeddable":true,"href":"https:\/\/gradri.uniri.hr\/en\/wp-json\/wp\/v2\/users\/4"}],"replies":[{"embeddable":true,"href":"https:\/\/gradri.uniri.hr\/en\/wp-json\/wp\/v2\/comments?post=14334"}],"version-history":[{"count":8,"href":"https:\/\/gradri.uniri.hr\/en\/wp-json\/wp\/v2\/pages\/14334\/revisions"}],"predecessor-version":[{"id":22435,"href":"https:\/\/gradri.uniri.hr\/en\/wp-json\/wp\/v2\/pages\/14334\/revisions\/22435"}],"up":[{"embeddable":true,"href":"https:\/\/gradri.uniri.hr\/en\/wp-json\/wp\/v2\/pages\/14326"}],"wp:attachment":[{"href":"https:\/\/gradri.uniri.hr\/en\/wp-json\/wp\/v2\/media?parent=14334"}],"curies":[{"name":"wp","href":"https:\/\/api.w.org\/{rel}","templated":true}]}}