{"id":14336,"date":"2021-02-10T11:13:59","date_gmt":"2021-02-10T10:13:59","guid":{"rendered":"https:\/\/gradri.uniri.hr\/?page_id=14336"},"modified":"2025-05-05T10:16:02","modified_gmt":"2025-05-05T09:16:02","slug":"department-for-computer-modelling-of-materials-and-structures","status":"publish","type":"page","link":"https:\/\/gradri.uniri.hr\/en\/faculty\/organisation\/departments\/department-for-computer-modelling-of-materials-and-structures\/","title":{"rendered":"Department of Computer Modelling of Materials and Structures"},"content":{"rendered":"\n<p><strong>Associate Professor Silvija Mrakov\u010di\u0107<\/strong>, Head of the Department of Computer Modelling of Materials and Structures<\/p>\n\n\n\n<h4 class=\"wp-block-heading\">Employees:<\/h4>\n\n\n\n<ul class=\"wp-block-list\">\n<li>Associate Professor Neira Tori\u0107 Mali\u0107, PhD<\/li>\n\n\n\n<li>Associate Professor Silvija Mrakov\u010di\u0107, PhD&nbsp;<\/li>\n\n\n\n<li>Associate Professor Natalija Bede Odor\u010di\u0107, PhD<\/li>\n\n\n\n<li>Tea Sulovsky, Assistant<\/li>\n<\/ul>\n\n\n\n<p><strong>Emeritus professors:<\/strong> Ivica Ko\u017ear, PhD<\/p>\n\n\n<div class=\"wp-block-ub-content-toggle wp-block-ub-content-toggle-block\" id=\"ub-content-toggle-block-ccef3732-bb6b-44fa-84dc-8fa2d9ef1dff\" data-mobilecollapse=\"false\" data-desktopcollapse=\"true\" data-preventcollapse=\"false\" data-showonlyone=\"false\">\n<div class=\"wp-block-ub-content-toggle-accordion\" style=\"border-color: #f1f1f1;\" id=\"ub-content-toggle-panel-block-\">\n\t\t\t<div class=\"wp-block-ub-content-toggle-accordion-title-wrap\" style=\"background-color: #f1f1f1;\" aria-controls=\"ub-content-toggle-panel-0-ccef3732-bb6b-44fa-84dc-8fa2d9ef1dff\" tabindex=\"0\">\n\t\t\t<p class=\"wp-block-ub-content-toggle-accordion-title ub-content-toggle-title-ccef3732-bb6b-44fa-84dc-8fa2d9ef1dff\" style=\"color: #000000; \">Laboratory for Materials<\/p>\n\t\t\t<div class=\"wp-block-ub-content-toggle-accordion-toggle-wrap right\" style=\"color: #000000;\"><span class=\"wp-block-ub-content-toggle-accordion-state-indicator wp-block-ub-chevron-down\"><\/span><\/div>\n\t\t<\/div>\n\t\t\t<div role=\"region\" aria-expanded=\"false\" class=\"wp-block-ub-content-toggle-accordion-content-wrap ub-hide\" id=\"ub-content-toggle-panel-0-ccef3732-bb6b-44fa-84dc-8fa2d9ef1dff\">\n\n<p><strong>Natalija Bede Odor\u010di\u0107<\/strong>, Head of the Laboratory for Materials<\/p>\n\n\n\n<h4 class=\"wp-block-heading\">Employees:<\/h4>\n\n\n\n<ul class=\"wp-block-list\">\n<li>Dino Juri\u0161evi\u0107, Technician<\/li>\n<\/ul>\n\n<\/div>\n\t\t<\/div>\n<\/div>\n\n\n<p><\/p>\n","protected":false},"excerpt":{"rendered":"<p>Associate Professor Silvija Mrakov\u010di\u0107, Head of the Department of Computer Modelling of Materials and Structures Employees: Emeritus professors: Ivica Ko\u017ear, PhD<\/p>\n","protected":false},"author":4,"featured_media":0,"parent":14326,"menu_order":5,"comment_status":"closed","ping_status":"closed","template":"","meta":{"_acf_changed":false,"ub_ctt_via":"","footnotes":""},"class_list":["post-14336","page","type-page","status-publish","hentry"],"acf":[],"featured_image_src":null,"_links":{"self":[{"href":"https:\/\/gradri.uniri.hr\/en\/wp-json\/wp\/v2\/pages\/14336","targetHints":{"allow":["GET"]}}],"collection":[{"href":"https:\/\/gradri.uniri.hr\/en\/wp-json\/wp\/v2\/pages"}],"about":[{"href":"https:\/\/gradri.uniri.hr\/en\/wp-json\/wp\/v2\/types\/page"}],"author":[{"embeddable":true,"href":"https:\/\/gradri.uniri.hr\/en\/wp-json\/wp\/v2\/users\/4"}],"replies":[{"embeddable":true,"href":"https:\/\/gradri.uniri.hr\/en\/wp-json\/wp\/v2\/comments?post=14336"}],"version-history":[{"count":8,"href":"https:\/\/gradri.uniri.hr\/en\/wp-json\/wp\/v2\/pages\/14336\/revisions"}],"predecessor-version":[{"id":22254,"href":"https:\/\/gradri.uniri.hr\/en\/wp-json\/wp\/v2\/pages\/14336\/revisions\/22254"}],"up":[{"embeddable":true,"href":"https:\/\/gradri.uniri.hr\/en\/wp-json\/wp\/v2\/pages\/14326"}],"wp:attachment":[{"href":"https:\/\/gradri.uniri.hr\/en\/wp-json\/wp\/v2\/media?parent=14336"}],"curies":[{"name":"wp","href":"https:\/\/api.w.org\/{rel}","templated":true}]}}