{"id":14339,"date":"2020-12-28T08:48:15","date_gmt":"2020-12-28T07:48:15","guid":{"rendered":"https:\/\/gradri.uniri.hr\/?page_id=14339"},"modified":"2026-03-31T21:19:07","modified_gmt":"2026-03-31T20:19:07","slug":"administration-and-services","status":"publish","type":"page","link":"https:\/\/gradri.uniri.hr\/en\/faculty\/organisation\/administration-and-services\/","title":{"rendered":"Administration and Services"},"content":{"rendered":"\n<p>Faculty Secretary and head of the Administrative and Professional Service Units:<br><strong>Tanja Malec, dipl. iur.<\/strong><\/p>\n\n\n\n<hr class=\"wp-block-separator has-css-opacity\"\/>\n\n\n\n<h2 class=\"wp-block-heading\">Dean&#8217;s Office<\/h2>\n\n\n\n<p><strong>The head of the office:<\/strong><br>Snje\u017eana \u010cop, mag. publ. admin.<\/p>\n\n\n\n<p><\/p>\n\n\n\n<hr class=\"wp-block-separator has-css-opacity\"\/>\n\n\n\n<h2 class=\"wp-block-heading\">Office of Student Affairs<\/h2>\n\n\n\n<p><strong>The head of the office:<\/strong><br>An\u0111ela Horvat, univ. mag. oec.<\/p>\n\n\n\n<p><strong>The office employees:<\/strong><br>Nilda Zelenika, oec.<br>Iva Jerkovi\u0107 Kova\u010d, univ. bacc. kult.<\/p>\n\n\n\n<hr class=\"wp-block-separator has-css-opacity\"\/>\n\n\n\n<h2 class=\"wp-block-heading\">Office of Legal and Human Resources<\/h2>\n\n\n\n<p><strong><strong>The head of the office:<\/strong><br><\/strong>Robert Bru\u0161njak, dipl. iur.<\/p>\n\n\n\n<p><strong>The office employee:<\/strong><br>Tea Bre\u017enik<\/p>\n\n\n\n<hr class=\"wp-block-separator has-css-opacity\"\/>\n\n\n\n<h2 class=\"wp-block-heading\">Finance and Accounting Department<\/h2>\n\n\n\n<p><strong><strong><strong>The head of the department:<\/strong><br><\/strong><\/strong>Nata\u0161a Ili\u0107-Huserik, dipl. oec.<\/p>\n\n\n\n<p><strong><strong><strong><strong>The department employees:<\/strong><br><\/strong><\/strong><\/strong>Sanja Sardeli\u0107<br>Katarina Kruljac<\/p>\n\n\n\n<hr class=\"wp-block-separator has-css-opacity\"\/>\n\n\n\n<h2 class=\"wp-block-heading\">Library<\/h2>\n\n\n\n<p><strong>The head of the library:<\/strong><br>Filip Horvat, mag.informatologije<\/p>\n\n\n\n<p><strong>The office employee:<\/strong><br>Sa\u0161a Marcan, univ. bacc. kult.<\/p>\n","protected":false},"excerpt":{"rendered":"<p>Faculty Secretary and head of the Administrative and Professional Service Units:Tanja Malec, dipl. iur. Dean&#8217;s Office The head of the office:Snje\u017eana \u010cop, mag. publ. admin. Office of Student Affairs The head of the office:An\u0111ela Horvat, univ. mag. oec. The office employees:Nilda Zelenika, oec.Iva Jerkovi\u0107 Kova\u010d, univ. bacc. kult. Office of Legal and Human Resources The [&hellip;]<\/p>\n","protected":false},"author":4,"featured_media":0,"parent":14322,"menu_order":4,"comment_status":"closed","ping_status":"closed","template":"","meta":{"_acf_changed":false,"ub_ctt_via":"","footnotes":""},"class_list":["post-14339","page","type-page","status-publish","hentry"],"acf":[],"featured_image_src":null,"_links":{"self":[{"href":"https:\/\/gradri.uniri.hr\/en\/wp-json\/wp\/v2\/pages\/14339","targetHints":{"allow":["GET"]}}],"collection":[{"href":"https:\/\/gradri.uniri.hr\/en\/wp-json\/wp\/v2\/pages"}],"about":[{"href":"https:\/\/gradri.uniri.hr\/en\/wp-json\/wp\/v2\/types\/page"}],"author":[{"embeddable":true,"href":"https:\/\/gradri.uniri.hr\/en\/wp-json\/wp\/v2\/users\/4"}],"replies":[{"embeddable":true,"href":"https:\/\/gradri.uniri.hr\/en\/wp-json\/wp\/v2\/comments?post=14339"}],"version-history":[{"count":6,"href":"https:\/\/gradri.uniri.hr\/en\/wp-json\/wp\/v2\/pages\/14339\/revisions"}],"predecessor-version":[{"id":24653,"href":"https:\/\/gradri.uniri.hr\/en\/wp-json\/wp\/v2\/pages\/14339\/revisions\/24653"}],"up":[{"embeddable":true,"href":"https:\/\/gradri.uniri.hr\/en\/wp-json\/wp\/v2\/pages\/14322"}],"wp:attachment":[{"href":"https:\/\/gradri.uniri.hr\/en\/wp-json\/wp\/v2\/media?parent=14339"}],"curies":[{"name":"wp","href":"https:\/\/api.w.org\/{rel}","templated":true}]}}