{"id":14343,"date":"2020-12-19T14:57:05","date_gmt":"2020-12-19T13:57:05","guid":{"rendered":"https:\/\/gradri.uniri.hr\/?page_id=14343"},"modified":"2025-05-29T08:12:22","modified_gmt":"2025-05-29T07:12:22","slug":"working-bodies","status":"publish","type":"page","link":"https:\/\/gradri.uniri.hr\/en\/faculty\/working-bodies\/","title":{"rendered":"Working bodies"},"content":{"rendered":"\n<p>Permanent and temporary working bodies are established at the Faculty:<\/p>\n\n\n\n<ul class=\"wp-block-list\">\n<li>Faculty Council&nbsp;<\/li>\n\n\n\n<li>Boards<\/li>\n\n\n\n<li>Committees<\/li>\n\n\n\n<li>Offices<\/li>\n<\/ul>\n\n\n<div class=\"wp-block-ub-content-toggle wp-block-ub-content-toggle-block\" id=\"ub-content-toggle-block-b8febc27-e0ba-4888-86c9-a5d61f859cd6\" data-mobilecollapse=\"false\" data-desktopcollapse=\"true\" data-preventcollapse=\"false\" data-showonlyone=\"false\">\n<div class=\"wp-block-ub-content-toggle-accordion\" style=\"border-color: #f1f1f1;\" id=\"ub-content-toggle-panel-block-\">\n\t\t\t<div class=\"wp-block-ub-content-toggle-accordion-title-wrap\" style=\"background-color: #f1f1f1;\" aria-controls=\"ub-content-toggle-panel-0-b8febc27-e0ba-4888-86c9-a5d61f859cd6\" tabindex=\"0\">\n\t\t\t<p class=\"wp-block-ub-content-toggle-accordion-title ub-content-toggle-title-b8febc27-e0ba-4888-86c9-a5d61f859cd6\" style=\"color: #000000; \">Faculty Council<\/p>\n\t\t\t<div class=\"wp-block-ub-content-toggle-accordion-toggle-wrap right\" style=\"color: #000000;\"><span class=\"wp-block-ub-content-toggle-accordion-state-indicator wp-block-ub-chevron-down\"><\/span><\/div>\n\t\t<\/div>\n\t\t\t<div role=\"region\" aria-expanded=\"false\" class=\"wp-block-ub-content-toggle-accordion-content-wrap ub-hide\" id=\"ub-content-toggle-panel-0-b8febc27-e0ba-4888-86c9-a5d61f859cd6\">\n\n<p><strong>List of Members of the Faculty Council<\/strong>:<\/p>\n\n\n\n<p>Prof. Nevenka O\u017eani\u0107, PhD<\/p>\n\n\n\n<p>Prof. Gordan Jeleni\u0107, PhD<\/p>\n\n\n\n<p>Prof. Boris Podobnik, PhD<\/p>\n\n\n\n<p>Prof. Aleksandra Deluka-Tiblja\u0161, PhD<\/p>\n\n\n\n<p>Prof. Barbara Karleu\u0161a, PhD<\/p>\n\n\n\n<p>Prof. Ivana \u0160timac Grandi\u0107, PhD<\/p>\n\n\n\n<p>Prof. Davor Grandi\u0107, PhD<\/p>\n\n\n\n<p>Prof. Adriana Bjelanovi\u0107, PhD<\/p>\n\n\n\n<p>Prof. Vanja Trava\u0161, PhD<\/p>\n\n\n\n<p>Prof. Leo \u0160kec, PhD<\/p>\n\n\n\n<p>Prof. Igor Ru\u017ei\u0107, PhD<\/p>\n\n\n\n<p>Prof. Ivan Marovi\u0107, PhD<\/p>\n\n\n\n<p>Assoc. Prof. Leo Mate\u0161i\u0107, PhD<\/p>\n\n\n\n<p>Assoc. Prof. Mladen Buli\u0107, PhD<\/p>\n\n\n\n<p>Assoc. Prof. Sanja Dugonji\u0107 Jovan\u010devi\u0107, PhD<\/p>\n\n\n\n<p>Assoc. Prof. Silvija Mrakov\u010di\u0107, PhD<\/p>\n\n\n\n<p>Assoc. Prof. Neira Tori\u0107 Mali\u0107, PhD<\/p>\n\n\n\n<p>Assoc. Prof. Vedran Jagodnik, PhD<\/p>\n\n\n\n<p>Assoc. Prof. Goran Volf, PhD<\/p>\n\n\n\n<p>Assoc. Prof. Iva Mrak, PhD<\/p>\n\n\n\n<p>Assoc. Prof. \u017deljko Smol\u010di\u0107, PhD<\/p>\n\n\n\n<p>Assoc. Prof. Anamarija Peru\u0161i\u0107 Pribani\u0107, PhD<\/p>\n\n\n\n<p>Assoc. Prof. Sanja \u0160urdonja, PhD<\/p>\n\n\n\n<p>Assoc. Prof. Paulina Krolo, PhD<\/p>\n\n\n\n<p>Assoc. Prof. Nino Krvavica, PhD<\/p>\n\n\n\n<p>Assoc. Prof. Nina \u010ceh, PhD<\/p>\n\n\n\n<p>Assoc. Prof. Natalija Bede Odor\u010di\u0107, PhD<\/p>\n\n\n\n<p>Assoc. Prof. Bojana Horvat, PhD<\/p>\n\n\n\n<p>Assoc. Prof. Martina Vivoda Prodan, PhD<\/p>\n\n\n\n<p>Assoc. Prof. Ivana Su\u0161anj \u010cule, PhD<\/p>\n\n\n\n<p>Assoc. Prof. Emina Had\u017eali\u0107, PhD<\/p>\n\n\n\n<p>Assist. Prof. Edita Papa Duki\u0107, PhD<\/p>\n\n\n\n<p>Assist. Prof. Paulo \u0160\u0107ulac, PhD<\/p>\n\n\n\n<p>Assist. Prof. Elvis \u017dic, PhD<\/p>\n\n\n\n<p>Assist. Prof. Teo Mudri\u0107, PhD<\/p>\n\n\n\n<p>Assist. Prof. Sara Grb\u010di\u0107 Erdelj, PhD<\/p>\n\n\n\n<p>Assist. Prof. Petra Jagodnik, PhD<\/p>\n\n\n\n<p>Assist. Prof. Josip Perani\u0107, PhD<\/p>\n\n\n\n<p>Assist. Prof. Denis Ambru\u0161, PhD<\/p>\n\n\n\n<p>Assist. Prof. Rozarija Miki\u0107, PhD<\/p>\n\n\n\n<p>Assist. Prof. Ante D\u017eolan, PhD<\/p>\n\n\n\n<p>Assist. Prof. Marijana Cuculi\u0107, PhD<\/p>\n\n\n\n<p>Assist. Prof. Franjo \u0160ar\u010devi\u0107, PhD<\/p>\n\n\n\n<p>Assist. Prof. Ksenija Tijani\u0107 \u0160trok, PhD<\/p>\n\n\n\n<p>Robert Bru\u0161njak, LL.M., employee representative<br>(Filip Horvat, MSc in Information Science, deputy representative)<\/p>\n\n\n\n<p>Sa\u0161a \u010cohar Man\u010di\u0107, senior lecturer, representative of teaching staff in teaching positions<br>(Maura Juri\u0107, lecturer, deputy representative of teaching staff in teaching positions)<\/p>\n\n\n\n<p>Martina \u0160opi\u0107, PhD, representative of junior academic staff<\/p>\n\n\n\n<p>Marta Marija Gr\u017ei\u0107, MCE, representative of doctoral students<br>(Davor Maru\u0161i\u0107, MGeolE, deputy representative)<\/p>\n\n\n\n<p>Petra Dragi\u010devi\u0107, student representative<br>(Sara Antolovi\u0107, deputy representative)<\/p>\n\n\n\n<p>Vanesa Vuksan, student representative<br>(Ivan Lukin, deputy representative)<\/p>\n\n\n\n<p>Maja Krstini\u0107, student representative<br>(Lara Jovi\u010devi\u0107, deputy representative)<\/p>\n\n\n\n<p>Iva Prevendar, student representative<br>(Mia Markovi\u0107, deputy representative)<\/p>\n\n<\/div>\n\t\t<\/div>\n\n<div class=\"wp-block-ub-content-toggle-accordion\" style=\"border-color: #f1f1f1;\" id=\"ub-content-toggle-panel-block-\">\n\t\t\t<div class=\"wp-block-ub-content-toggle-accordion-title-wrap\" style=\"background-color: #f1f1f1;\" aria-controls=\"ub-content-toggle-panel-1-b8febc27-e0ba-4888-86c9-a5d61f859cd6\" tabindex=\"0\">\n\t\t\t<p class=\"wp-block-ub-content-toggle-accordion-title ub-content-toggle-title-b8febc27-e0ba-4888-86c9-a5d61f859cd6\" style=\"color: #000000; \">Quality Assurance and Improvement Board<\/p>\n\t\t\t<div class=\"wp-block-ub-content-toggle-accordion-toggle-wrap right\" style=\"color: #000000;\"><span class=\"wp-block-ub-content-toggle-accordion-state-indicator wp-block-ub-chevron-down\"><\/span><\/div>\n\t\t<\/div>\n\t\t\t<div role=\"region\" aria-expanded=\"false\" class=\"wp-block-ub-content-toggle-accordion-content-wrap ub-hide\" id=\"ub-content-toggle-panel-1-b8febc27-e0ba-4888-86c9-a5d61f859cd6\">\n\n<p>Assoc. Prof. Nina \u010ceh, PhD \u2013 Vice Dean for Quality Assurance and Development, Chair of the Committee<\/p>\n\n\n\n<p>Assoc. Prof. Neira Tori\u0107 Mali\u0107, PhD \u2013 Vice Dean for Education and Students<\/p>\n\n\n\n<p>Prof. Leo \u0160kec, PhD \u2013 Vice Dean for Science<\/p>\n\n\n\n<p>Assoc. Prof. Paulina Krolo, PhD \u2013 Dean\u2019s Assistant for Laboratory Activities<\/p>\n\n\n\n<p>Prof. Barbara Karleu\u0161a, PhD \u2013 Head of the Chair of Hydraulic Engineering<\/p>\n\n\n\n<p>Assoc. Prof. Sanja Dugonji\u0107 Jovan\u010devi\u0107, PhD \u2013 Head of the Chair of Geotechnics<\/p>\n\n\n\n<p>Assoc. Prof. Anamarija Peru\u0161i\u0107 Pribani\u0107, PhD \u2013 Head of the Division of Mathematics and General Subjects<\/p>\n\n\n\n<p>Prof. Davor Grandi\u0107, PhD \u2013 Head of the Chair of Structural Engineering<\/p>\n\n\n\n<p>Assist. Prof. Edita Papa Duki\u0107, PhD \u2013 Head of the Chair of Technical Mechanics<\/p>\n\n\n\n<p>Prof. Aleksandra Deluka-Tiblja\u0161, PhD \u2013 Head of the Chair of Transportation Engineering<\/p>\n\n\n\n<p>Prof. Ivan Marovi\u0107, PhD \u2013 Head of the Chair of Construction Management and Technology<\/p>\n\n\n\n<p>Assoc. Prof. Iva Mrak, PhD \u2013 Head of the Chair of Architecture and Urbanism<\/p>\n\n\n\n<p>Assoc. Prof. Silvija Mrakov\u010di\u0107, PhD \u2013 Head of the Division for Computational Modelling of Materials and Structures<\/p>\n\n\n\n<p>An\u0111ela Horvat, MSc in Economics \u2013 Representative of Administrative and Technical Staff<br>(Snje\u017eana \u010cop, MSc in Public Administration, Deputy)<\/p>\n\n\n\n<p>Martina \u0160opi\u0107, PhD \u2013 Representative of Academic and Research Staff<br>(Maura Juri\u0107, MCE, Deputy)<\/p>\n\n\n\n<p>Katarina Tuti\u0107, MCE \u2013 Representative of Doctoral Students<br>(Josipa Mihaljevi\u0107, MCE, Deputy)<\/p>\n\n\n\n<p>Kristina Galjani\u0107, MCE, GP Krk d.d., Krk \u2013 Representative of External Stakeholders<br>(Ivan Martina\u0161, MCE, GP Krk d.d., Krk, Deputy)<\/p>\n\n\n\n<p>Sara Petrovi\u0107 \u2013 Representative of Undergraduate Students<br>(Sara Antolovi\u0107, Deputy)<\/p>\n\n\n\n<p>Leon Merleta, BCE \u2013 Representative of Graduate Students<br>(An\u0111ela Jankovi\u0107, BCE, Deputy)<\/p>\n\n\n\n<p><\/p>\n\n<\/div>\n\t\t<\/div>\n\n<div class=\"wp-block-ub-content-toggle-accordion\" style=\"border-color: #f1f1f1;\" id=\"ub-content-toggle-panel-block-\">\n\t\t\t<div class=\"wp-block-ub-content-toggle-accordion-title-wrap\" style=\"background-color: #f1f1f1;\" aria-controls=\"ub-content-toggle-panel-2-b8febc27-e0ba-4888-86c9-a5d61f859cd6\" tabindex=\"0\">\n\t\t\t<p class=\"wp-block-ub-content-toggle-accordion-title ub-content-toggle-title-b8febc27-e0ba-4888-86c9-a5d61f859cd6\" style=\"color: #000000; \">Doctoral Study Board<\/p>\n\t\t\t<div class=\"wp-block-ub-content-toggle-accordion-toggle-wrap right\" style=\"color: #000000;\"><span class=\"wp-block-ub-content-toggle-accordion-state-indicator wp-block-ub-chevron-down\"><\/span><\/div>\n\t\t<\/div>\n\t\t\t<div role=\"region\" aria-expanded=\"false\" class=\"wp-block-ub-content-toggle-accordion-content-wrap ub-hide\" id=\"ub-content-toggle-panel-2-b8febc27-e0ba-4888-86c9-a5d61f859cd6\">\n\n<p>Prof. Leo \u0160kec, PhD \u2013 Vice Dean for Science, Chair<\/p>\n\n\n\n<p>Prof. Nevenka O\u017eani\u0107, PhD \u2013 Member<\/p>\n\n\n\n<p>Prof. Davor Grandi\u0107, PhD \u2013 Member<\/p>\n\n\n\n<p>Assoc. Prof. Sanja Dugonji\u0107 Jovan\u010devi\u0107, PhD \u2013 Member<\/p>\n\n\n\n<p>Assoc. Prof. Neira Tori\u0107 Mali\u0107, PhD \u2013 Member<\/p>\n\n\n\n<p>Assist. Prof. Josip Perani\u0107, PhD \u2013 Member<\/p>\n\n\n\n<p>Katarina Tuti\u0107, MCE \u2013 Member<\/p>\n\n\n\n<p><\/p>\n\n<\/div>\n\t\t<\/div>\n\n<div class=\"wp-block-ub-content-toggle-accordion\" style=\"border-color: #f1f1f1;\" id=\"ub-content-toggle-panel-block-\">\n\t\t\t<div class=\"wp-block-ub-content-toggle-accordion-title-wrap\" style=\"background-color: #f1f1f1;\" aria-controls=\"ub-content-toggle-panel-3-b8febc27-e0ba-4888-86c9-a5d61f859cd6\" tabindex=\"0\">\n\t\t\t<p class=\"wp-block-ub-content-toggle-accordion-title ub-content-toggle-title-b8febc27-e0ba-4888-86c9-a5d61f859cd6\" style=\"color: #000000; \">Library Board<\/p>\n\t\t\t<div class=\"wp-block-ub-content-toggle-accordion-toggle-wrap right\" style=\"color: #000000;\"><span class=\"wp-block-ub-content-toggle-accordion-state-indicator wp-block-ub-chevron-down\"><\/span><\/div>\n\t\t<\/div>\n\t\t\t<div role=\"region\" aria-expanded=\"false\" class=\"wp-block-ub-content-toggle-accordion-content-wrap ub-hide\" id=\"ub-content-toggle-panel-3-b8febc27-e0ba-4888-86c9-a5d61f859cd6\">\n\n<p>Assoc. Prof. Iva Mrak, PhD \u2013 Chair<\/p>\n\n\n\n<p>Assoc. Prof. Sanja Dugonji\u0107 Jovan\u010devi\u0107, PhD \u2013 Member<\/p>\n\n\n\n<p>Filip Horvat, MA in Information Sciences \u2013 Member<\/p>\n\n\n\n<p>Prof. Ivana \u0160timac Grandi\u0107, PhD \u2013 Member<\/p>\n\n\n\n<p>Assoc. Prof. Paulina Krolo, PhD \u2013 Member<\/p>\n\n\n\n<p>Leon Merleta \u2013 Member<\/p>\n\n\n\n<p><\/p>\n\n<\/div>\n\t\t<\/div>\n\n<div class=\"wp-block-ub-content-toggle-accordion\" style=\"border-color: #f1f1f1;\" id=\"ub-content-toggle-panel-block-\">\n\t\t\t<div class=\"wp-block-ub-content-toggle-accordion-title-wrap\" style=\"background-color: #f1f1f1;\" aria-controls=\"ub-content-toggle-panel-4-b8febc27-e0ba-4888-86c9-a5d61f859cd6\" tabindex=\"0\">\n\t\t\t<p class=\"wp-block-ub-content-toggle-accordion-title ub-content-toggle-title-b8febc27-e0ba-4888-86c9-a5d61f859cd6\" style=\"color: #000000; \">Science Advisory Board<\/p>\n\t\t\t<div class=\"wp-block-ub-content-toggle-accordion-toggle-wrap right\" style=\"color: #000000;\"><span class=\"wp-block-ub-content-toggle-accordion-state-indicator wp-block-ub-chevron-down\"><\/span><\/div>\n\t\t<\/div>\n\t\t\t<div role=\"region\" aria-expanded=\"false\" class=\"wp-block-ub-content-toggle-accordion-content-wrap ub-hide\" id=\"ub-content-toggle-panel-4-b8febc27-e0ba-4888-86c9-a5d61f859cd6\">\n\n<p>Prof. Leo \u0160kec, PhD \u2013 Vice Dean for Science<\/p>\n\n\n\n<p>Vedran Kru\u017ei\u0107 \u2013 Regional Development Agency of the Primorje-Gorski Kotar County<\/p>\n\n\n\n<p>Mirko Gro\u0161i\u0107, PhD \u2013 Geotech d.o.o.<\/p>\n\n\n\n<p>Neboj\u0161a Buljan \u2013 RI-ISA d.o.o.<\/p>\n\n\n\n<p>Goran \u0160uran \u2013 KFK d.o.o.<\/p>\n\n\n\n<p>Sa\u0161a Mitrovi\u0107, PhD \u2013 I.T.T. d.o.o.<\/p>\n\n\n\n<p><\/p>\n\n<\/div>\n\t\t<\/div>\n\n<div class=\"wp-block-ub-content-toggle-accordion\" style=\"border-color: #f1f1f1;\" id=\"ub-content-toggle-panel-block-\">\n\t\t\t<div class=\"wp-block-ub-content-toggle-accordion-title-wrap\" style=\"background-color: #f1f1f1;\" aria-controls=\"ub-content-toggle-panel-5-b8febc27-e0ba-4888-86c9-a5d61f859cd6\" tabindex=\"0\">\n\t\t\t<p class=\"wp-block-ub-content-toggle-accordion-title ub-content-toggle-title-b8febc27-e0ba-4888-86c9-a5d61f859cd6\" style=\"color: #000000; \">Committee for the Recognition and Evaluation of Prior Learning<\/p>\n\t\t\t<div class=\"wp-block-ub-content-toggle-accordion-toggle-wrap right\" style=\"color: #000000;\"><span class=\"wp-block-ub-content-toggle-accordion-state-indicator wp-block-ub-chevron-down\"><\/span><\/div>\n\t\t<\/div>\n\t\t\t<div role=\"region\" aria-expanded=\"false\" class=\"wp-block-ub-content-toggle-accordion-content-wrap ub-hide\" id=\"ub-content-toggle-panel-5-b8febc27-e0ba-4888-86c9-a5d61f859cd6\">\n\n<p>Assoc. Prof. Neira Tori\u0107 Mali\u0107, PhD<\/p>\n\n\n\n<p>Prof. Barbara Karleu\u0161a, PhD<\/p>\n\n\n\n<p>Assist. Prof. Rozarija Miki\u0107, PhD<\/p>\n\n\n\n<p>Assist. Prof. Teo Mudri\u0107, PhD<\/p>\n\n\n\n<p>Sa\u0161a \u010cohar Man\u010di\u0107, Lecturer<\/p>\n\n\n\n<p><\/p>\n\n<\/div>\n\t\t<\/div>\n\n<div class=\"wp-block-ub-content-toggle-accordion\" style=\"border-color: #f1f1f1;\" id=\"ub-content-toggle-panel-block-\">\n\t\t\t<div class=\"wp-block-ub-content-toggle-accordion-title-wrap\" style=\"background-color: #f1f1f1;\" aria-controls=\"ub-content-toggle-panel-6-b8febc27-e0ba-4888-86c9-a5d61f859cd6\" tabindex=\"0\">\n\t\t\t<p class=\"wp-block-ub-content-toggle-accordion-title ub-content-toggle-title-b8febc27-e0ba-4888-86c9-a5d61f859cd6\" style=\"color: #000000; \">Committee for Cooperation with the Community and the Economy<\/p>\n\t\t\t<div class=\"wp-block-ub-content-toggle-accordion-toggle-wrap right\" style=\"color: #000000;\"><span class=\"wp-block-ub-content-toggle-accordion-state-indicator wp-block-ub-chevron-down\"><\/span><\/div>\n\t\t<\/div>\n\t\t\t<div role=\"region\" aria-expanded=\"false\" class=\"wp-block-ub-content-toggle-accordion-content-wrap ub-hide\" id=\"ub-content-toggle-panel-6-b8febc27-e0ba-4888-86c9-a5d61f859cd6\">\n\n<p>Assist. Prof. Elvis \u017dic, PhD \u2013 Vice Dean for Business Affairs, Chair (Faculty of Civil Engineering, University of Rijeka)<\/p>\n\n\n\n<p>Assoc. Prof. Nino Krvavica, PhD \u2013 Vice Dean for Projects and Collaboration (Faculty of Civil Engineering, University of Rijeka)<\/p>\n\n\n\n<p>Assoc. Prof. Paulina Krolo, PhD \u2013 Member (Faculty of Civil Engineering, University of Rijeka)<\/p>\n\n\n\n<p>Prof. Igor Ru\u017ei\u0107, PhD \u2013 Member (Faculty of Civil Engineering, University of Rijeka)<\/p>\n\n\n\n<p>Ivana Mihel\u010di\u0107 Smiljani\u0107, MSc in Economics \u2013 Member (Goran Graditeljstvo d.o.o. Delnice)<\/p>\n\n\n\n<p>Sa\u0161a Mitrovi\u0107, PhD \u2013 Member (I.T.T. d.o.o. Rijeka)<\/p>\n\n\n\n<p>Neboj\u0161a Buljan, MCE \u2013 Member (RI-ISA d.o.o. Rijeka)<\/p>\n\n\n\n<p>Hrvoje Sironi\u0107, MSc \u2013 Member (IGH Institute d.d., Rijeka)<\/p>\n\n\n\n<p>Ivan \u017digo, MCE \u2013 Member (MareCon d.o.o. Rijeka)<\/p>\n\n<\/div>\n\t\t<\/div>\n\n<div class=\"wp-block-ub-content-toggle-accordion\" style=\"border-color: #f1f1f1;\" id=\"ub-content-toggle-panel-block-\">\n\t\t\t<div class=\"wp-block-ub-content-toggle-accordion-title-wrap\" style=\"background-color: #f1f1f1;\" aria-controls=\"ub-content-toggle-panel-7-b8febc27-e0ba-4888-86c9-a5d61f859cd6\" tabindex=\"0\">\n\t\t\t<p class=\"wp-block-ub-content-toggle-accordion-title ub-content-toggle-title-b8febc27-e0ba-4888-86c9-a5d61f859cd6\" style=\"color: #000000; \">Other Committees<\/p>\n\t\t\t<div class=\"wp-block-ub-content-toggle-accordion-toggle-wrap right\" style=\"color: #000000;\"><span class=\"wp-block-ub-content-toggle-accordion-state-indicator wp-block-ub-chevron-down\"><\/span><\/div>\n\t\t<\/div>\n\t\t\t<div role=\"region\" aria-expanded=\"false\" class=\"wp-block-ub-content-toggle-accordion-content-wrap ub-hide\" id=\"ub-content-toggle-panel-7-b8febc27-e0ba-4888-86c9-a5d61f859cd6\">\n\n<p>List of Committees:<\/p>\n\n\n\n<p>Committee for Publishing Activity<\/p>\n\n\n\n<p>Ethics Committee<\/p>\n\n\n\n<p>Disciplinary Committee<\/p>\n\n\n\n<p>Disciplinary Committee for Teaching Staff<\/p>\n\n\n\n<p>Appeals Disciplinary Committee<\/p>\n\n\n\n<p>Committee for Research Ethics at the Faculty of Civil Engineering in Rijeka<\/p>\n\n\n\n<p>Committee for Student Admissions<\/p>\n\n\n\n<p>Committee for Final and Diploma Theses<\/p>\n\n\n\n<p>Committee for Scientific Excellence<\/p>\n\n<\/div>\n\t\t<\/div>\n<\/div>\n\n\n<p><\/p>\n","protected":false},"excerpt":{"rendered":"<p>Permanent and temporary working bodies are established at the Faculty:<\/p>\n","protected":false},"author":4,"featured_media":0,"parent":14318,"menu_order":5,"comment_status":"closed","ping_status":"closed","template":"","meta":{"_acf_changed":false,"ub_ctt_via":"","footnotes":""},"class_list":["post-14343","page","type-page","status-publish","hentry"],"acf":[],"featured_image_src":null,"_links":{"self":[{"href":"https:\/\/gradri.uniri.hr\/en\/wp-json\/wp\/v2\/pages\/14343","targetHints":{"allow":["GET"]}}],"collection":[{"href":"https:\/\/gradri.uniri.hr\/en\/wp-json\/wp\/v2\/pages"}],"about":[{"href":"https:\/\/gradri.uniri.hr\/en\/wp-json\/wp\/v2\/types\/page"}],"author":[{"embeddable":true,"href":"https:\/\/gradri.uniri.hr\/en\/wp-json\/wp\/v2\/users\/4"}],"replies":[{"embeddable":true,"href":"https:\/\/gradri.uniri.hr\/en\/wp-json\/wp\/v2\/comments?post=14343"}],"version-history":[{"count":6,"href":"https:\/\/gradri.uniri.hr\/en\/wp-json\/wp\/v2\/pages\/14343\/revisions"}],"predecessor-version":[{"id":22540,"href":"https:\/\/gradri.uniri.hr\/en\/wp-json\/wp\/v2\/pages\/14343\/revisions\/22540"}],"up":[{"embeddable":true,"href":"https:\/\/gradri.uniri.hr\/en\/wp-json\/wp\/v2\/pages\/14318"}],"wp:attachment":[{"href":"https:\/\/gradri.uniri.hr\/en\/wp-json\/wp\/v2\/media?parent=14343"}],"curies":[{"name":"wp","href":"https:\/\/api.w.org\/{rel}","templated":true}]}}