{"id":14355,"date":"2020-12-19T15:01:06","date_gmt":"2020-12-19T14:01:06","guid":{"rendered":"https:\/\/gradri.uniri.hr\/?page_id=14355"},"modified":"2025-05-27T08:23:10","modified_gmt":"2025-05-27T07:23:10","slug":"doctoral-study-of-civil-engineering","status":"publish","type":"page","link":"https:\/\/gradri.uniri.hr\/en\/studies\/doctoral-study-of-civil-engineering\/","title":{"rendered":"Doctoral study of Civil Engineering"},"content":{"rendered":"<div class=\"wp-block-ub-content-toggle wp-block-ub-content-toggle-block\" id=\"ub-content-toggle-block-ed1da3d5-d6e5-4832-95b7-529aa1ac22cc\" data-mobilecollapse=\"false\" data-desktopcollapse=\"true\" data-preventcollapse=\"false\" data-showonlyone=\"false\">\n<div class=\"wp-block-ub-content-toggle-accordion\" style=\"border-color: #f1f1f1;\" id=\"ub-content-toggle-panel-block-5bddb785-622a-4fec-aad8-9a0e9bbeb5da\">\n\t\t\t<div class=\"wp-block-ub-content-toggle-accordion-title-wrap\" style=\"background-color: #f1f1f1;\" aria-controls=\"ub-content-toggle-panel-0-ed1da3d5-d6e5-4832-95b7-529aa1ac22cc\" tabindex=\"0\">\n\t\t\t<p class=\"wp-block-ub-content-toggle-accordion-title ub-content-toggle-title-ed1da3d5-d6e5-4832-95b7-529aa1ac22cc\" style=\"color: #000000; \">Conditions for enrollment in the study<\/p>\n\t\t\t<div class=\"wp-block-ub-content-toggle-accordion-toggle-wrap left\" style=\"color: #000000;\"><span class=\"wp-block-ub-content-toggle-accordion-state-indicator wp-block-ub-chevron-down\"><\/span><\/div>\n\t\t<\/div>\n\t\t\t<div role=\"region\" aria-expanded=\"false\" class=\"wp-block-ub-content-toggle-accordion-content-wrap ub-hide\" id=\"ub-content-toggle-panel-0-ed1da3d5-d6e5-4832-95b7-529aa1ac22cc\">\n\n<p><a href=\"https:\/\/gradri.uniri.hr\/wp-content\/uploads\/2025\/05\/GF-PhD-studey-call_-2025_2026.pdf\">NEW CALL FOR ENROLLMENT IN 2025\/26<\/a><\/p>\n\n\n\n<p>Application for amission to the program is based on a public competition announced by the Faculty Council. For enrollment in the study program, the documents required for application to the study program, and the method of selecting applicants for enrollment are specified in the Ordinance on doctoral study.<\/p>\n\n\n\n<p>The prerequisite for applying for the study is a completed university graduate study in which the candidate has obtained 300 ECTS credits including undergraduate one of the faculties of civil engineering or has completed another university graduate study if it is in the teaching program of this study, the share of competences acquired in the field of other basic technical sciences corresponds to the share of the study of civil engineering determined by the Committee for Doctoral Studies and the committees and faculty committees responsible for the Diploma Supplement Postgraduate Study and the academic evaluation and assessment of the study period.<\/p>\n\n\n\n<p>Candidates with completed graduate studies in other scientific fields of technical sciences may also apply to the program as well as from the scientific field of natural sciences. Considering the acquired competences of these students, the Committee for Doctoral Studies decides CURRICULUM AND PROGRAM OF POST-GRADUATE COLLEGE STUDIES 7 to impose the obligation to take the appropriate number of relevant subjects from the graduate studies of civil engineering at the Faculty. The competencies acquired are derived from the supplement to the diploma.<\/p>\n\n\n\n<p>If it can be proved that candidates for enrollment have acquired additional knowledge on the basis of published scientific research papers or by taking and passing the examination in the postgraduate master&#8217;s program started before the 2005 higher education reform, they may be exempted from attending classes and taking the examination of the first and\/or second semester of the course. The exact number of ECTS credits recognized as equivalent for the acquired knowledge is determined individually for each candidate by the Faculty Council. The cost of study is reduced in proportion to the reduction of ECTS points of the recognized subjects.<\/p>\n\n\n\n<p>The enrollment ratio is determined at the beginning of the academic year according to the needs.<\/p>\n\n<\/div>\n\t\t<\/div>\n\n<div class=\"wp-block-ub-content-toggle-accordion\" style=\"border-color: #f1f1f1;\" id=\"ub-content-toggle-panel-block-e42cf5d5-6c7c-439c-b959-80f88565337b\">\n\t\t\t<div class=\"wp-block-ub-content-toggle-accordion-title-wrap\" style=\"background-color: #f1f1f1;\" aria-controls=\"ub-content-toggle-panel-1-ed1da3d5-d6e5-4832-95b7-529aa1ac22cc\" tabindex=\"0\">\n\t\t\t<p class=\"wp-block-ub-content-toggle-accordion-title ub-content-toggle-title-ed1da3d5-d6e5-4832-95b7-529aa1ac22cc\" style=\"color: #000000; \">Academic degree<\/p>\n\t\t\t<div class=\"wp-block-ub-content-toggle-accordion-toggle-wrap left\" style=\"color: #000000;\"><span class=\"wp-block-ub-content-toggle-accordion-state-indicator wp-block-ub-chevron-down\"><\/span><\/div>\n\t\t<\/div>\n\t\t\t<div role=\"region\" aria-expanded=\"false\" class=\"wp-block-ub-content-toggle-accordion-content-wrap ub-hide\" id=\"ub-content-toggle-panel-1-ed1da3d5-d6e5-4832-95b7-529aa1ac22cc\">\n\n<ul class=\"wp-block-list\">\n<li>Doctor of Technical Sciences (dr. sc. tech.)<\/li>\n<\/ul>\n\n<\/div>\n\t\t<\/div>\n\n<div class=\"wp-block-ub-content-toggle-accordion\" style=\"border-color: #f1f1f1;\" id=\"ub-content-toggle-panel-block-1b565c89-714e-4eff-9717-2ddc255505ab\">\n\t\t\t<div class=\"wp-block-ub-content-toggle-accordion-title-wrap\" style=\"background-color: #f1f1f1;\" aria-controls=\"ub-content-toggle-panel-2-ed1da3d5-d6e5-4832-95b7-529aa1ac22cc\" tabindex=\"0\">\n\t\t\t<p class=\"wp-block-ub-content-toggle-accordion-title ub-content-toggle-title-ed1da3d5-d6e5-4832-95b7-529aa1ac22cc\" style=\"color: #000000; \">Completion of studies and acquired competencies<\/p>\n\t\t\t<div class=\"wp-block-ub-content-toggle-accordion-toggle-wrap left\" style=\"color: #000000;\"><span class=\"wp-block-ub-content-toggle-accordion-state-indicator wp-block-ub-chevron-down\"><\/span><\/div>\n\t\t<\/div>\n\t\t\t<div role=\"region\" aria-expanded=\"false\" class=\"wp-block-ub-content-toggle-accordion-content-wrap ub-hide\" id=\"ub-content-toggle-panel-2-ed1da3d5-d6e5-4832-95b7-529aa1ac22cc\">\n\n<p>The study program ends with the successful passing of examinations, the fulfillment of all other obligations of the study program, and the successful preparation and public defense of the doctoral dissertation before the Doctoral Dissertation Defense Committee. At the end of the study program, at least 180 ECTS credits are acquired.<\/p>\n\n\n\n<p>Upon completion of the studies, the student becomes a Doctor of Technical Sciences and acquires the following competences:<\/p>\n\n\n\n<ul class=\"wp-block-list\">\n<li>conduct research using scientific methodology<\/li>\n\n\n\n<li>conduct research in accordance with generally accepted research ethics<\/li>\n\n\n\n<li>independently conduct advanced scientific research and professional work in modeling, calculation, analysis and system design in specific branches<\/li>\n\n\n\n<li>the ability and knowledge to solve specific problems in an interdisciplinary manner, especially in the context of the interrelationships between construction projects, systems and their environment<\/li>\n\n\n\n<li>conduct critical analysis, the critical analysis, evaluation and synthesis of new and complex concepts<\/li>\n\n\n\n<li>the application of results in a context different from the one in which they were obtained<\/li>\n\n\n\n<li>the development of new methodological procedures<\/li>\n\n\n\n<li>the critical evaluation of one&#8217;s own research work and the research work of others the ability to present one&#8217;s own work<\/li>\n\n\n\n<li>the transfer of knowledge in a pedagogical way<\/li>\n\n\n\n<li>the management of a discussion with logical argumentation of positive scientific facts (related to information, ideas, challenges, possible solutions)<\/li>\n\n\n\n<li>conduct research activities further independent development and improvement in the field of research, planning, design, execution and management of the most complex construction projects and related systems<\/li>\n\n\n\n<li>\u00a0promote technological progress in a knowledge-based society\u00a0<\/li>\n\n\n\n<li>act independently within the academic community<\/li>\n<\/ul>\n\n<\/div>\n\t\t<\/div>\n\n<div class=\"wp-block-ub-content-toggle-accordion\" style=\"border-color: #f1f1f1;\" id=\"ub-content-toggle-panel-block-\">\n\t\t\t<div class=\"wp-block-ub-content-toggle-accordion-title-wrap\" style=\"background-color: #f1f1f1;\" aria-controls=\"ub-content-toggle-panel-3-ed1da3d5-d6e5-4832-95b7-529aa1ac22cc\" tabindex=\"0\">\n\t\t\t<p class=\"wp-block-ub-content-toggle-accordion-title ub-content-toggle-title-ed1da3d5-d6e5-4832-95b7-529aa1ac22cc\" style=\"color: #000000; \">Curriculum and learning outcomes<\/p>\n\t\t\t<div class=\"wp-block-ub-content-toggle-accordion-toggle-wrap left\" style=\"color: #000000;\"><span class=\"wp-block-ub-content-toggle-accordion-state-indicator wp-block-ub-chevron-down\"><\/span><\/div>\n\t\t<\/div>\n\t\t\t<div role=\"region\" aria-expanded=\"false\" class=\"wp-block-ub-content-toggle-accordion-content-wrap ub-hide\" id=\"ub-content-toggle-panel-3-ed1da3d5-d6e5-4832-95b7-529aa1ac22cc\">\n\n<p><a href=\"https:\/\/gradri.uniri.hr\/wp-content\/uploads\/2025\/04\/Postgraduate-US-in-CE_2023.pdf\">Curriculum<\/a><\/p>\n\n\n\n<p><a href=\"https:\/\/gradri.uniri.hr\/wp-content\/uploads\/2025\/04\/Learning_outcomes_Doctoral_study_Civil_Engineering.pdf\">Learning outcomes<\/a><\/p>\n\n<\/div>\n\t\t<\/div>\n\n<div class=\"wp-block-ub-content-toggle-accordion\" style=\"border-color: #f1f1f1;\" id=\"ub-content-toggle-panel-block-5e8ee372-0013-48d3-8278-b0dbcaf819ad\">\n\t\t\t<div class=\"wp-block-ub-content-toggle-accordion-title-wrap\" style=\"background-color: #f1f1f1;\" aria-controls=\"ub-content-toggle-panel-4-ed1da3d5-d6e5-4832-95b7-529aa1ac22cc\" tabindex=\"0\">\n\t\t\t<p class=\"wp-block-ub-content-toggle-accordion-title ub-content-toggle-title-ed1da3d5-d6e5-4832-95b7-529aa1ac22cc\" style=\"color: #000000; \">Teachers<\/p>\n\t\t\t<div class=\"wp-block-ub-content-toggle-accordion-toggle-wrap left\" style=\"color: #000000;\"><span class=\"wp-block-ub-content-toggle-accordion-state-indicator wp-block-ub-chevron-down\"><\/span><\/div>\n\t\t<\/div>\n\t\t\t<div role=\"region\" aria-expanded=\"false\" class=\"wp-block-ub-content-toggle-accordion-content-wrap ub-hide\" id=\"ub-content-toggle-panel-4-ed1da3d5-d6e5-4832-95b7-529aa1ac22cc\">\n\n<figure class=\"wp-block-table alignleft\"><table class=\"has-fixed-layout\"><thead><tr><th>CV<\/th><th>Scientific field\/branch<\/th><th> e-mail<\/th><\/tr><\/thead><tbody><tr><td><a href=\"https:\/\/gradri.uniri.hr\/wp-content\/uploads\/2025\/04\/Bede_Odorcic_Natalija-CV-EN-2025.pdf\">Associate Professor Natalija Bede Odor\u010di\u0107<\/a><\/td><td>Basic Technical Sciences\/Materials<\/td><td><a href=\"mailto:natalija.bede@uniri.hr\">natalija.bede@uniri.hr<\/a><\/td><\/tr><tr><td><a href=\"https:\/\/gradri.uniri.hr\/wp-content\/uploads\/2025\/04\/Bjelanovic_Adriana-CV-EN-2025-1.pdf\">Professor\u00a0Adriana Bjelanovi\u0107<\/a><\/td><td>Civil Engineering\/Structural Engineering<\/td><td><a href=\"mailto:adriana.bjelanovic@gradri.uniri.hr\">adriana.bjelanovic@gradri.uniri.hr<\/a><\/td><\/tr><tr><td><a href=\"https:\/\/gradri.uniri.hr\/wp-content\/uploads\/2025\/04\/Bulic_Mladen-CV-EN-2025.pdf\">Associate Professor Mladen Buli\u0107<\/a><\/td><td>Civil Engineering\/Structural Engineering<\/td><td><a href=\"mailto:mladen.bulic@gradri.uniri.hr\">mladen.bulic@gradri.uniri.hr<\/a><\/td><\/tr><tr><td><a href=\"https:\/\/gradri.uniri.hr\/wp-content\/uploads\/2025\/04\/Cuculic_Marijana-CV-EN-2025.pdf\">Assistant Professor Marijana Cuculi\u0107<\/a><\/td><td>Civil Engineering\/Transportation Engineering<\/td><td><a href=\"mailto:bojan.crnkovic@uniri.hr\">marijana.cuculic@gradri.uniri.hr<\/a><\/td><\/tr><tr><td><a href=\"https:\/\/gradri.uniri.hr\/wp-content\/uploads\/2025\/04\/Ceh_Nina-CV-EN-2025.pdf\">Associate Professor Nina \u010ceh<\/a><\/td><td>Basic Technical Sciences\/Engineering Mechanics<\/td><td><a href=\"mailto:nina.ceh@gradri.uniri.hr\">nina.ceh@gradri.uniri.hr<\/a><\/td><\/tr><tr><td><a href=\"https:\/\/gradri.uniri.hr\/wp-content\/uploads\/2025\/04\/Deluka-Tibljas_Aleksandra-CV-EN-2025.pdf\">Professor Aleksandra Deluka-Tiblja\u0161<\/a><\/td><td>Civil Engineering\/Transportation Engineering<\/td><td><a href=\"mailto:aleksandra.deluka@gradri.uniri.hr\">aleksandra.deluka@gradri.uniri.hr<\/a><\/td><\/tr><tr><td><a href=\"https:\/\/gradri.uniri.hr\/wp-content\/uploads\/2025\/04\/Drazic_Ivan-CV-EN-2025.pdf\">Associate Professor Ivan Dra\u017ei\u0107*<\/a><\/td><td>Mathematics\/Applied Mathematics and Mathematical Modelling<\/td><td><a href=\"mailto:ivan.drazic@riteh.uniri.hr\">ivan.drazic@riteh.uniri.hr<\/a><\/td><\/tr><tr><td><a href=\"https:\/\/gradri.uniri.hr\/wp-content\/uploads\/2025\/04\/Dugonjic_Jovancevic_Sanja-CV-EN-2025.pdf\">Associate Professor Sanja Dugonji\u0107 Jovan\u010devi\u0107<\/a><\/td><td>Civil Engineering\/Geotechnics<\/td><td><a href=\"mailto:sanja.dugonjic@gradri.uniri.hr\">sanja.dugonjic@gradri.uniri.hr<\/a><\/td><\/tr><tr><td><a href=\"https:\/\/gradri.uniri.hr\/wp-content\/uploads\/2025\/04\/Grandic_Davor-CV-EN-2025-.pdf\">Professor Davor Grandi\u0107<\/a><\/td><td>Civil Engineering\/Structural Engineering<\/td><td><a href=\"mailto:davor.grandic@gradri.uniri.hr\">davor.grandic@gradri.uniri.hr<\/a><\/td><\/tr><tr><td><a href=\"https:\/\/gradri.uniri.hr\/wp-content\/uploads\/2025\/04\/Grbcic_Erdelj_Sara-CV-EN-2025.pdf\">Assistant Professor Sara Grb\u010di\u0107 Erdelj<\/a><\/td><td>Basic Technical Sciences\/Engineering Mechanics<\/td><td><a href=\"mailto:nina.ceh@gradri.uniri.hr\">sara.grbcic@uniri.hr<\/a><\/td><\/tr><tr><td><a href=\"https:\/\/gradri.uniri.hr\/wp-content\/uploads\/2025\/04\/Horvat_Bojana-CV-EN-2025-.pdf\">Associate Professor Bojana Horvat<\/a><\/td><td>Civil Engineering\/Hydrotechnics<\/td><td><a href=\"mailto:bojana.horvat@gradri.uniri.hr\">bojana.horvat@gradri.uniri.hr<\/a><\/td><\/tr><tr><td><a href=\"https:\/\/gradri.uniri.hr\/wp-content\/uploads\/2025\/04\/Ilic_Suzana-CV-EN-2025-1.pdf\">Professor Suzana Ili\u0107*<\/a><\/td><td>Civil Engineering\/Hydrotechnics<\/td><td><a href=\"mailto:s.ilic@lancaster.ac.uk\">s.ilic@lancaster.ac.uk<\/a><\/td><\/tr><tr><td><a href=\"https:\/\/gradri.uniri.hr\/wp-content\/uploads\/2025\/05\/Jagodnik_Petra-CV-EN-2025.pdf\">Assistant Professor Petra Jagodnik<\/a><\/td><td>Mining, Petroleum and Geological Engineering\/Geological Engineering<\/td><td><a href=\"mailto:vedran.jagodnik@gradri.uniri.hr\">petra.jagodnik@gradri.uniri.hr<\/a><\/td><\/tr><tr><td><a href=\"https:\/\/gradri.uniri.hr\/wp-content\/uploads\/2025\/04\/Jagodnik_Vedran-CV-EN-2025.pdf\">Associate Professor Vedran Jagodnik<\/a><\/td><td>Civil Engineering\/Geotechnics<\/td><td><a href=\"mailto:vedran.jagodnik@gradri.uniri.hr\">vedran.jagodnik@gradri.uniri.hr<\/a><\/td><\/tr><tr><td><a href=\"https:\/\/gradri.uniri.hr\/wp-content\/uploads\/2025\/04\/Jelenic_Gordan-CV-EN-2025.pdf\">Professor Gordan Jeleni\u0107<\/a><\/td><td>Basic Technical Sciences\/Engineering Mechanics<\/td><td><a href=\"mailto:gordan.jelenic@gradri.uniri.hr\">gordan.jelenic@gradri.uniri.hr<\/a><\/td><\/tr><tr><td><a href=\"https:\/\/gradri.uniri.hr\/wp-content\/uploads\/2025\/04\/Karleusa_Barbara-CV-EN-2025.pdf\">Professor\u00a0Barbara Karleu\u0161a<\/a><\/td><td>Civil Engineering\/Hydrotechnics<\/td><td><a href=\"mailto:barbara.karleusa@gradri.uniri.hr\">barbara.karleusa@gradri.uniri.hr<\/a><\/td><\/tr><tr><td><a href=\"https:\/\/gradri.uniri.hr\/wp-content\/uploads\/2025\/04\/Kozulic_Vedrana-CV-EN-2025.pdf\">Professor Vedrana Kozuli\u0107 *<\/a><\/td><td>Basic Technical Sciences\/Engineering Mechanics<\/td><td><a href=\"mailto:vedrana.kozulic@gradst.hr\">vedrana.kozulic@gradst.hr<\/a><\/td><\/tr><tr><td><a href=\"https:\/\/gradri.uniri.hr\/wp-content\/uploads\/2025\/04\/Krolo_Paulina-CV-EN-2025.pdf\">Associate Professor Paulina Krolo<\/a><\/td><td>Civil Engineering\/Structural Engineering<\/td><td><a href=\"mailto:paulina.krolo@gradri.uniri.hr\">paulina.krolo@gradri.uniri.hr<\/a><\/td><\/tr><tr><td><a href=\"https:\/\/gradri.uniri.hr\/wp-content\/uploads\/2025\/04\/Krvavica_Nino-CV-EN-2025.pdf\">Associate Professor Nino Krvavica<\/a><\/td><td>Civil Engineering\/Hydrotechnics<\/td><td><a href=\"mailto:nino.krvavica@gradri.uniri.hr\">nino.krvavica@gradri.uniri.hr<\/a><\/td><\/tr><tr><td><a href=\"https:\/\/gradri.uniri.hr\/wp-content\/uploads\/2025\/04\/Marovic_Ivan-CV-EN-2025-1.pdf\">Professor\u00a0Ivan Marovi\u0107<\/a><\/td><td>Interdisciplinary Field of Science\/Project Management<\/td><td><a href=\"mailto:ivan.marovic@gradri.uniri.hr\">ivan.marovic@gradri.uniri.hr<\/a><\/td><\/tr><tr><td><a href=\"https:\/\/arhiva.gradri.uniri.hr\/files\/doktorski_studij\/cv\/Matesic_CV_EN.pdf\">Associate Professor Leo Mate\u0161i\u0107<\/a><\/td><td>Civil Engineering\/Geotechnics<\/td><td><a href=\"mailto:leomat@uniri.hr\">leomat@uniri.hr<\/a><\/td><\/tr><tr><td><a href=\"https:\/\/gradri.uniri.hr\/wp-content\/uploads\/2025\/04\/Mrakovcic_Silvija-CV-EN-2025.pdf\">Associate Professor Silvija Mrakov\u010di\u0107<\/a><\/td><td>Basic Technical Sciences\/Materials<\/td><td><a href=\"mailto:silvija.mrakovcic@gradri.uniri\">silvija.mrakovcic@gradri.uniri.hr<\/a> <\/td><\/tr><tr><td><a href=\"https:\/\/gradri.uniri.hr\/wp-content\/uploads\/2025\/04\/Mudric_Teo-CV-ENG-2025.pdf\">Assistant Professor Teo Mudri\u0107<\/a><\/td><td>Basic Technical Sciences\/Engineering Mechanics<\/td><td><a href=\"mailto:teo.mudric2@gradri.uniri.hr\">teo.mudric2@gradri.uniri.hr<\/a><\/td><\/tr><tr><td><a href=\"https:\/\/gradri.uniri.hr\/wp-content\/uploads\/2025\/04\/Ozanic_Nevenka-CV-ENG-2025.pdf\">Professor Nevenka O\u017eani\u0107<\/a><\/td><td>Civil Engineering\/Hydrotechnics<\/td><td><a href=\"mailto:nozanic@uniri.hr\">nozanic@uniri.hr<\/a><\/td><\/tr><tr><td><a href=\"https:\/\/gradri.uniri.hr\/wp-content\/uploads\/2025\/04\/Papa_Dukic_Edita-CV-EN-2025.pdf\">Assistant Professor Edita Papa Duki\u0107<\/a><\/td><td>Basic Technical Sciences\/Engineering Mechanics<\/td><td><a href=\"mailto:edita.papa@gradri.uniri.hr\">edita.papa@gradri.uniri.hr<\/a><\/td><\/tr><tr><td><a href=\"https:\/\/gradri.uniri.hr\/wp-content\/uploads\/2025\/04\/Peranic_Josip-CV-EN-2025.pdf\">Assistant Professor Josip Perani\u0107<\/a><\/td><td>Civil Engineering\/Geotechnics<\/td><td><a href=\"mailto:silvija.mrakovcic@gradri.uniri\">josip.peranic@gradri.uniri.hr<\/a><\/td><\/tr><tr><td><a href=\"https:\/\/arhiva.gradri.uniri.hr\/files\/doktorski_studij\/cv\/Ren_CV_EN.pdf\">Professor Zoran Ren *<\/a><\/td><td>Basic Technical Sciences\/Engineering Mechanics<\/td><td><a href=\"mailto:zoran.ren@um.si\">zoran.ren@um.si<\/a><\/td><\/tr><tr><td><a href=\"https:\/\/gradri.uniri.hr\/wp-content\/uploads\/2025\/04\/Ruzic_Igor-CV-ENG-2025.pdf\">Professor Igor Ru\u017ei\u0107<\/a><\/td><td>Civil Engineering\/Hydrotechnics<\/td><td><a href=\"mailto:iruzic@gradri.uniri.hr\">iruzic@gradri.uniri.hr<\/a><\/td><\/tr><tr><td><a href=\"https:\/\/gradri.uniri.hr\/wp-content\/uploads\/2025\/04\/Smolcic_Zeljko-CV-EN-2025.pdf\">Associate Professor\u00a0\u017deljko Smol\u010di\u0107<\/a><\/td><td>Civil Engineering\/Structural Engineering<\/td><td><a href=\"mailto:zeljko.smolcic@gradri.uniri.hr\">zeljko.smolcic@gradri.uniri.hr<\/a><\/td><\/tr><tr><td><a href=\"https:\/\/arhiva.gradri.uniri.hr\/files\/doktorski_studij\/cv\/Sren_CV_EN.pdf\">Professor Emeritus Mate Sr\u0161en<\/a>*<\/td><td>Civil Engineering\/Transportation Engineering<\/td><td><a href=\"mailto:mate.srsen@uniri.hr\">mate.srsen@uniri.hr<\/a><\/td><\/tr><tr><td><a href=\"https:\/\/gradri.uniri.hr\/wp-content\/uploads\/2025\/04\/Susanj_Cule_Ivana-CV-EN-2025.pdf\">Associate Professor Ivana Su\u0161anj \u010cule<\/a><\/td><td>Civil Engineering\/Hydrotechnics<\/td><td><a href=\"mailto:ivana.susanj2@gradri.uniri.hr\">ivana.susanj2@gradri.uniri.hr<\/a><\/td><\/tr><tr><td><a href=\"https:\/\/gradri.uniri.hr\/wp-content\/uploads\/2025\/04\/Sculac_Paulo-CV-EN-2025.pdf\">Assistant Professor Paulo \u0160\u0107ulac<\/a><\/td><td>Civil Engineering\/Structural Engineering<\/td><td><a href=\"mailto:paulo.sculac@gradri.uniri.hr\">paulo.sculac@gradri.uniri.hr<\/a><\/td><\/tr><tr><td><a href=\"https:\/\/gradri.uniri.hr\/wp-content\/uploads\/2025\/04\/Skec_Leo-CV-EN-2025.pdf\">Professor Leo \u0160kec<\/a><\/td><td>Basic Technical Sciences\/Engineering Mechanics<\/td><td><a href=\"mailto:leo.skec@gradri.uniri.hr\">leo.skec@gradri.uniri.hr<\/a><\/td><\/tr><tr><td><a href=\"https:\/\/gradri.uniri.hr\/wp-content\/uploads\/2025\/04\/Stimac_Grandic_Ivana-CV-EN-2025-.pdf\">Professor Ivana \u0160timac Grandi\u0107<\/a><\/td><td>Civil Engineering\/Structural Engineering<\/td><td><a href=\"mailto:istimac@gradri.uniri.hr\">istimac@gradri.uniri.hr<\/a><\/td><\/tr><tr><td><a href=\"https:\/\/gradri.uniri.hr\/wp-content\/uploads\/2025\/04\/Surdonja_Sanja-CV-EN-2025.pdf\">Associate Professor Sanja \u0160urdonja<\/a><\/td><td>Civil Engineering\/Transportation Engineering<\/td><td><a href=\"mailto:sanja.surdonja@gradri.uniri.hr\">sanja.surdonja@gradri.uniri.hr<\/a><\/td><\/tr><tr><td><a href=\"https:\/\/gradri.uniri.hr\/wp-content\/uploads\/2025\/05\/Toric-Malic-CV-EN-2025-1.pdf\">Associate Professor Neira Tori\u0107 Mali\u0107<\/a><\/td><td>Basic Technical Sciences\/Engineering Mechanics<\/td><td><a href=\"mailto:ntoric@gradri.uniri.hr\">ntoric@gradri.uniri.hr<\/a><\/td><\/tr><tr><td><a href=\"https:\/\/gradri.uniri.hr\/wp-content\/uploads\/2025\/04\/Travas_Vanja-CV-EN-2025.pdf\">Professor Vanja Trava\u0161<\/a><\/td><td>Civil Engineering\/Hydrotechnics<\/td><td><a href=\"mailto:vanja.travas@uniri.hr\">vanja.travas@uniri.hr<\/a><\/td><\/tr><tr><td><a href=\"https:\/\/arhiva.gradri.uniri.hr\/files\/doktorski_studij\/cv\/Turk_CV_EN.pdf\">Professor Goran Turk *<\/a><\/td><td>Basic Technical Sciences\/Engineering Mechanics<\/td><td><a href=\"mailto:goran.turk@fgg.uni-lj.si\">goran.turk@fgg.uni-lj.si<\/a><\/td><\/tr><tr><td><a href=\"https:\/\/gradri.uniri.hr\/wp-content\/uploads\/2025\/04\/Vivoda_Prodan_Martina-CV-EN-2025.pdf\">Associate Professor Martina Vivoda Prodan<\/a><\/td><td>Civil Engineering\/Geotechnics<\/td><td><a href=\"mailto:martina.vivoda@gradri.uniri.hr\">martina.vivoda@gradri.uniri.hr<\/a><\/td><\/tr><tr><td><a href=\"https:\/\/gradri.uniri.hr\/wp-content\/uploads\/2025\/04\/Volf_Goran-CV-EN-2025.pdf\">Associate Professor Goran Volf<\/a><\/td><td>Civil Engineering\/Hydrotechnics<\/td><td><a href=\"mailto:goran.volf@gradri.uniri.hr\">goran.volf@gradri.uniri.hr<\/a><\/td><\/tr><tr><td><a href=\"https:\/\/arhiva.gradri.uniri.hr\/files\/doktorski_studij\/cv\/Vrkljan_CV_EN.pdf\">Professor Emeritus Ivan Vrkljan<\/a>*<\/td><td>Civil Engineering\/Geotechnics<\/td><td><a href=\"mailto:ivan.vrkljan@uniri.hr\">ivan.vrkljan@uniri.hr<\/a><\/td><\/tr><tr><td><a href=\"https:\/\/gradri.uniri.hr\/wp-content\/uploads\/2025\/04\/Zic_Elvis-CV-EN-2025.pdf\">Assistant Professor Elvis \u017dic<\/a><\/td><td>Civil Engineering\/Hydrotechnics<\/td><td><a href=\"mailto:elvis.zic@gradri.uniri.hr\">elvis.zic@gradri.uniri.hr<\/a><\/td><\/tr><tr><td>*external staff members<\/td><td><\/td><td><\/td><\/tr><\/tbody><\/table><\/figure>\n\n\n\n<p><\/p>\n\n\n\n<p><\/p>\n\n\n\n<p><\/p>\n\n\n\n<p><a href=\"https:\/\/gradri.uniri.hr\/wp-content\/uploads\/2025\/04\/List_of_potencial_mentors_2024_2025.pdf\">MENTORS 2024\/2025<\/a><\/p>\n\n\n\n<p><\/p>\n\n<\/div>\n\t\t<\/div>\n\n<div class=\"wp-block-ub-content-toggle-accordion\" style=\"border-color: #f1f1f1;\" id=\"ub-content-toggle-panel-block-5608de63-964f-437e-ab6e-dc49746d6a9d\">\n\t\t\t<div class=\"wp-block-ub-content-toggle-accordion-title-wrap\" style=\"background-color: #f1f1f1;\" aria-controls=\"ub-content-toggle-panel-5-ed1da3d5-d6e5-4832-95b7-529aa1ac22cc\" tabindex=\"0\">\n\t\t\t<p class=\"wp-block-ub-content-toggle-accordion-title ub-content-toggle-title-ed1da3d5-d6e5-4832-95b7-529aa1ac22cc\" style=\"color: #000000; \">Documents<\/p>\n\t\t\t<div class=\"wp-block-ub-content-toggle-accordion-toggle-wrap left\" style=\"color: #000000;\"><span class=\"wp-block-ub-content-toggle-accordion-state-indicator wp-block-ub-chevron-down\"><\/span><\/div>\n\t\t<\/div>\n\t\t\t<div role=\"region\" aria-expanded=\"false\" class=\"wp-block-ub-content-toggle-accordion-content-wrap ub-hide\" id=\"ub-content-toggle-panel-5-ed1da3d5-d6e5-4832-95b7-529aa1ac22cc\">\n\n<p><a href=\"https:\/\/drive.google.com\/open?id=1fdtFKEM5GTQbiHG9yGfZECscigg3Tp0z&amp;usp=drive_fs\" target=\"_blank\" rel=\"noreferrer noopener\">CURRICULUM OF THE\u00a0\u00a0POSTGRADUATE\u00a0UNIVERSITY STUDY IN\u00a0CIVIL ENGINEERING 2023<\/a><\/p>\n\n\n\n<p><a href=\"https:\/\/drive.google.com\/open?id=1VRorBzIze-ww0DY1XWdNxvyDhej4i9TN&amp;usp=drive_fs\">ORDINANCE ON DOCTORAL STUDY PROGRAM IN CIVIL ENGINEERING<\/a><\/p>\n\n\n\n<p><a href=\"https:\/\/docs.google.com\/document\/d\/1VSZfDTBHyj74Jx-MyLyQKZxSKbhvCJK0?rtpof=true&amp;usp=drive_fs\">FORMS<\/a><\/p>\n\n<\/div>\n\t\t<\/div>\n<\/div>\n\n\n<p><\/p>\n","protected":false},"excerpt":{"rendered":"","protected":false},"author":4,"featured_media":0,"parent":14349,"menu_order":5,"comment_status":"closed","ping_status":"closed","template":"","meta":{"_acf_changed":false,"ub_ctt_via":"","footnotes":""},"class_list":["post-14355","page","type-page","status-publish","hentry"],"acf":[],"featured_image_src":null,"_links":{"self":[{"href":"https:\/\/gradri.uniri.hr\/en\/wp-json\/wp\/v2\/pages\/14355","targetHints":{"allow":["GET"]}}],"collection":[{"href":"https:\/\/gradri.uniri.hr\/en\/wp-json\/wp\/v2\/pages"}],"about":[{"href":"https:\/\/gradri.uniri.hr\/en\/wp-json\/wp\/v2\/types\/page"}],"author":[{"embeddable":true,"href":"https:\/\/gradri.uniri.hr\/en\/wp-json\/wp\/v2\/users\/4"}],"replies":[{"embeddable":true,"href":"https:\/\/gradri.uniri.hr\/en\/wp-json\/wp\/v2\/comments?post=14355"}],"version-history":[{"count":85,"href":"https:\/\/gradri.uniri.hr\/en\/wp-json\/wp\/v2\/pages\/14355\/revisions"}],"predecessor-version":[{"id":22474,"href":"https:\/\/gradri.uniri.hr\/en\/wp-json\/wp\/v2\/pages\/14355\/revisions\/22474"}],"up":[{"embeddable":true,"href":"https:\/\/gradri.uniri.hr\/en\/wp-json\/wp\/v2\/pages\/14349"}],"wp:attachment":[{"href":"https:\/\/gradri.uniri.hr\/en\/wp-json\/wp\/v2\/media?parent=14355"}],"curies":[{"name":"wp","href":"https:\/\/api.w.org\/{rel}","templated":true}]}}