{"id":14391,"date":"2020-12-28T08:14:25","date_gmt":"2020-12-28T07:14:25","guid":{"rendered":"https:\/\/gradri.uniri.hr\/?page_id=14391"},"modified":"2023-07-11T10:40:34","modified_gmt":"2023-07-11T09:40:34","slug":"certified-engineers","status":"publish","type":"page","link":"https:\/\/gradri.uniri.hr\/en\/business-cooperation\/certified-engineers\/","title":{"rendered":"Certified engineers"},"content":{"rendered":"\n<figure class=\"wp-block-table\"><table><thead><tr><th>Name and surname<\/th><th>Area<\/th><th>Telephone<\/th><\/tr><\/thead><tbody><tr><td>Professor Emeritus Mate Sr\u0161en, C.E.<\/td><td>Civil engineering<\/td><td>+ 385 51 265-928<\/td><\/tr><tr><td>Full Professor D.Sc. Nevenka O\u017eani\u0107, C.E.<\/td><td>Civil engineering<\/td><td>+ 385 51 265-940<\/td><\/tr><tr><td>Professor Emeritus Mehmed \u010cau\u0161evi\u0107, C.E.<\/td><td>Civil engineering<\/td><td>+ 385 51 563-754<\/td><\/tr><tr><td>Full Professor D.Sc. \u017deljko Arbanas, C.E.<\/td><td>Civil engineering<\/td><td>+ 385 51 265-936<\/td><\/tr><tr><td>Full Professor D.Sc. Barbara Karleu\u0161a, C.E.<\/td><td>Civil engineering<\/td><td>+ 385 51 265-935<\/td><\/tr><tr><td>Full Professor D.Sc. Ivana \u0160timac Grandi\u0107, C.E.<\/td><td>Civil engineering<\/td><td>+ 385 51 265-949<\/td><\/tr><tr><td>Full Professor D.Sc. Davor Grandi\u0107, C.E.<\/td><td>Civil engineering, protection and<br>preservation of cultural property<\/td><td>+ 385 51 265-951<\/td><\/tr><tr><td>Full Professor D.Sc. Vanja Trava\u0161, C.E.&nbsp;<\/td><td>Civil engineering<\/td><td>+385 51 265-983<\/td><\/tr><tr><td>Associate Professor D.Sc. Mladen Buli\u0107, C.E.&nbsp;<\/td><td>Civil engineering<\/td><td>+ 385 51 265-949<\/td><\/tr><tr><td>Associate Professor D.Sc. Leo Mate\u0161i\u0107, C.E.<\/td><td>Civil engineering<\/td><td>+385 51 265-937<\/td><\/tr><tr><td>Associate Professor D.Sc. Dragan Ribari\u0107, C.E.<\/td><td>Civil engineering<\/td><td>+ 385 51 265-956<\/td><\/tr><\/tbody><\/table><\/figure>\n\n\n\n<p><strong>The Faculty of Civil Engineering University of Rijeka has a permit from the Ministry of Culture to perform protection and preservation of cultural property<\/strong> referred to in Article 2, paragraph 1, items 1, 2 and 3 of the Ordinance on conditions for natural and legal persons, preservation of cultural property <strong>for research and study of immovable cultural property, documentation of immovable cultural property and development of conceptual, main and detailed design for works on immovable cultural property and on the load-bearing structure of immovable cultural property<\/strong>.<\/p>\n","protected":false},"excerpt":{"rendered":"<p>Name and surname Area Telephone Professor Emeritus Mate Sr\u0161en, C.E. Civil engineering + 385 51 265-928 Full Professor D.Sc. Nevenka O\u017eani\u0107, C.E. Civil engineering + 385 51 265-940 Professor Emeritus Mehmed \u010cau\u0161evi\u0107, C.E. Civil engineering + 385 51 563-754 Full Professor D.Sc. \u017deljko Arbanas, C.E. Civil engineering + 385 51 265-936 Full Professor D.Sc. Barbara [&hellip;]<\/p>\n","protected":false},"author":4,"featured_media":0,"parent":14383,"menu_order":5,"comment_status":"closed","ping_status":"closed","template":"","meta":{"_acf_changed":false,"ub_ctt_via":"","footnotes":""},"class_list":["post-14391","page","type-page","status-publish","hentry"],"acf":[],"featured_image_src":null,"_links":{"self":[{"href":"https:\/\/gradri.uniri.hr\/en\/wp-json\/wp\/v2\/pages\/14391","targetHints":{"allow":["GET"]}}],"collection":[{"href":"https:\/\/gradri.uniri.hr\/en\/wp-json\/wp\/v2\/pages"}],"about":[{"href":"https:\/\/gradri.uniri.hr\/en\/wp-json\/wp\/v2\/types\/page"}],"author":[{"embeddable":true,"href":"https:\/\/gradri.uniri.hr\/en\/wp-json\/wp\/v2\/users\/4"}],"replies":[{"embeddable":true,"href":"https:\/\/gradri.uniri.hr\/en\/wp-json\/wp\/v2\/comments?post=14391"}],"version-history":[{"count":4,"href":"https:\/\/gradri.uniri.hr\/en\/wp-json\/wp\/v2\/pages\/14391\/revisions"}],"predecessor-version":[{"id":14575,"href":"https:\/\/gradri.uniri.hr\/en\/wp-json\/wp\/v2\/pages\/14391\/revisions\/14575"}],"up":[{"embeddable":true,"href":"https:\/\/gradri.uniri.hr\/en\/wp-json\/wp\/v2\/pages\/14383"}],"wp:attachment":[{"href":"https:\/\/gradri.uniri.hr\/en\/wp-json\/wp\/v2\/media?parent=14391"}],"curies":[{"name":"wp","href":"https:\/\/api.w.org\/{rel}","templated":true}]}}