{"id":14399,"date":"2021-01-27T16:45:19","date_gmt":"2021-01-27T15:45:19","guid":{"rendered":"https:\/\/gradri.uniri.hr\/?page_id=14399"},"modified":"2025-06-02T21:28:42","modified_gmt":"2025-06-02T20:28:42","slug":"qa-board-quality-assurance-and-improvement-board","status":"publish","type":"page","link":"https:\/\/gradri.uniri.hr\/en\/qa\/qa-board-quality-assurance-and-improvement-board\/","title":{"rendered":"QA Board\/Quality Assurance and Improvement Board"},"content":{"rendered":"\n<p>The Quality Assurance Board of the Faculty of Civil Engineering in Rijeka, in cooperation with the QA Board and the Center for Quality Assurance and Improvement of the University of Rijeka and the stakeholders of the Faculty, plans a quality improvement strategy, organizes, coordinates and implements assessment procedures, and develops internal assurance mechanisms and quality improvement at the Faculty level.<\/p>\n\n\n\n<p>Committee Members:<\/p>\n\n\n\n<ul class=\"wp-block-list\">\n<li><strong>Assoc. Prof. Nina \u010ceh, PhD<\/strong> \u2013 Vice Dean for Quality Assurance and Development, Chair of the Committee<\/li>\n\n\n\n<li><strong>Assoc. Prof. Neira Tori\u0107 Mali\u0107, PhD<\/strong> \u2013 Vice Dean for Education and Student Affairs<\/li>\n\n\n\n<li><strong>Prof. Leo \u0160kec, PhD<\/strong> \u2013 Vice Dean for Science<\/li>\n\n\n\n<li><strong>Assoc. Prof. Paulina Krolo, PhD<\/strong> \u2013 Dean\u2019s Assistant for Laboratory Activities<\/li>\n\n\n\n<li><strong>Prof. Barbara Karleu\u0161a, PhD<\/strong> \u2013 Head of the Chair for Water Engineering<\/li>\n\n\n\n<li><strong>Assoc. Prof. Sanja Dugonji\u0107 Jovan\u010devi\u0107, PhD<\/strong> \u2013 Head of the Chair for Geotechnics<\/li>\n\n\n\n<li><strong>Assoc. Prof. Anamarija Peru\u0161i\u0107 Pribani\u0107, PhD<\/strong> \u2013 Head of the Department of Mathematics and Other Disciplines<\/li>\n\n\n\n<li><strong>Prof. Davor Grandi\u0107, PhD<\/strong> \u2013 Head of the Chair for Structural Engineering<\/li>\n\n\n\n<li><strong>Asst. Prof. Edita Papa Duki\u0107, PhD<\/strong> \u2013 Head of the Chair for Engineering Mechanics<\/li>\n\n\n\n<li><strong>Prof. Aleksandra Deluka-Tiblja\u0161, PhD<\/strong> \u2013 Head of the Chair for Transportation Engineering<\/li>\n\n\n\n<li><strong>Prof. Ivan Marovi\u0107, PhD<\/strong> \u2013 Head of the Chair for Construction Management and Technology<\/li>\n\n\n\n<li><strong>Assoc. Prof. Iva Mrak, PhD<\/strong> \u2013 Head of the Chair for Architecture and Urban Planning<\/li>\n\n\n\n<li><strong>Assoc. Prof. Silvija Mrakov\u010di\u0107, PhD<\/strong> \u2013 Head of the Department for Computer Modelling of Materials and Structures<\/li>\n\n\n\n<li><strong>An\u0111ela Horvat, MSc Econ.<\/strong> \u2013 Representative of Administrative and Technical Staff<br><em>(Deputy: Snje\u017eana \u010cop, MSc Public Admin.)<\/em><\/li>\n\n\n\n<li><strong>Martina \u0160opi\u0107, PhD<\/strong> \u2013 Representative of Teaching and Research Staff<br><em>(Deputy: Maura Juri\u0107, MCE)<\/em><\/li>\n\n\n\n<li><strong>Katarina Tuti\u0107, MCE<\/strong> \u2013 Representative of Doctoral Students<br><em>(Deputy: Josipa Mihaljevi\u0107, MCE)<\/em><\/li>\n\n\n\n<li><strong>Kristina Galjani\u0107, MCE (GP Krk d.d., Krk)<\/strong> \u2013 Representative of External Stakeholders<br><em>(Deputy: Ivan Martina\u0161, CE, GP Krk d.d., Krk)<\/em><\/li>\n\n\n\n<li><strong>Sara Petrovi\u0107<\/strong> \u2013 Representative of Undergraduate Students<br><em>(Deputy: Sara Antolovi\u0107)<\/em><\/li>\n\n\n\n<li><strong>Leon Merleta, univ. bacc. ing. aedif.<\/strong> \u2013 Representative of Graduate Students<br><em>(Deputy: An\u0111ela Jankovi\u0107, univ. bacc. ing. aedif.)<\/em><\/li>\n<\/ul>\n\n\n\n<p><\/p>\n","protected":false},"excerpt":{"rendered":"<p>The Quality Assurance Board of the Faculty of Civil Engineering in Rijeka, in cooperation with the QA Board and the Center for Quality Assurance and Improvement of the University of Rijeka and the stakeholders of the Faculty, plans a quality improvement strategy, organizes, coordinates and implements assessment procedures, and develops internal assurance mechanisms and quality [&hellip;]<\/p>\n","protected":false},"author":4,"featured_media":12211,"parent":14395,"menu_order":2,"comment_status":"closed","ping_status":"closed","template":"","meta":{"_acf_changed":false,"ub_ctt_via":"","footnotes":""},"class_list":["post-14399","page","type-page","status-publish","has-post-thumbnail","hentry"],"acf":[],"featured_image_src":"https:\/\/gradri.uniri.hr\/wp-content\/uploads\/2020\/12\/gradevinski-fakultet-rijeka-background-06-1.jpg","_links":{"self":[{"href":"https:\/\/gradri.uniri.hr\/en\/wp-json\/wp\/v2\/pages\/14399","targetHints":{"allow":["GET"]}}],"collection":[{"href":"https:\/\/gradri.uniri.hr\/en\/wp-json\/wp\/v2\/pages"}],"about":[{"href":"https:\/\/gradri.uniri.hr\/en\/wp-json\/wp\/v2\/types\/page"}],"author":[{"embeddable":true,"href":"https:\/\/gradri.uniri.hr\/en\/wp-json\/wp\/v2\/users\/4"}],"replies":[{"embeddable":true,"href":"https:\/\/gradri.uniri.hr\/en\/wp-json\/wp\/v2\/comments?post=14399"}],"version-history":[{"count":3,"href":"https:\/\/gradri.uniri.hr\/en\/wp-json\/wp\/v2\/pages\/14399\/revisions"}],"predecessor-version":[{"id":22575,"href":"https:\/\/gradri.uniri.hr\/en\/wp-json\/wp\/v2\/pages\/14399\/revisions\/22575"}],"up":[{"embeddable":true,"href":"https:\/\/gradri.uniri.hr\/en\/wp-json\/wp\/v2\/pages\/14395"}],"wp:featuredmedia":[{"embeddable":true,"href":"https:\/\/gradri.uniri.hr\/en\/wp-json\/wp\/v2\/media\/12211"}],"wp:attachment":[{"href":"https:\/\/gradri.uniri.hr\/en\/wp-json\/wp\/v2\/media?parent=14399"}],"curies":[{"name":"wp","href":"https:\/\/api.w.org\/{rel}","templated":true}]}}